{"id":7448,"date":"2022-01-27T18:11:24","date_gmt":"2022-01-27T17:11:24","guid":{"rendered":"https:\/\/bronymec.com\/plastiko-teknikoak\/flextron-tpe\/"},"modified":"2024-07-01T11:27:06","modified_gmt":"2024-07-01T09:27:06","slug":"flextron-tpe","status":"publish","type":"page","link":"https:\/\/bronymec.com\/eu\/plastiko-teknikoak\/flextron-tpe\/","title":{"rendered":"Flextron\u2122 \u2013 TPE"},"content":{"rendered":"<div class=\"wpb-content-wrapper\"><p>[vc_section css=&#8221;.vc_custom_1643303481303{background-color: #52738d !important;background-position: center !important;background-repeat: no-repeat !important;background-size: contain !important;}&#8221; el_class=&#8221;mask&#8221;][vc_row css=&#8221;.vc_custom_1643045446577{padding-top: 60px !important;padding-bottom: 50px !important;}&#8221;][vc_column width=&#8221;1\/6&#8243;][\/vc_column][vc_column width=&#8221;2\/3&#8243;][vc_custom_heading text=&#8221;Ingeniaritza plastikoak&#8221; font_container=&#8221;tag:p|font_size:2rem|text_align:center|color:%23ffffff&#8221; use_theme_fonts=&#8221;yes&#8221; css_animation=&#8221;fadeInUp&#8221; css=&#8221;.vc_custom_1671448996384{margin-left: 3px !important;}&#8221; el_class=&#8221;delay-1 custom-hd&#8221;][vc_empty_space height=&#8221;20px&#8221;][vc_custom_heading text=&#8221;Flextron\u2122 TPE&#8221; font_container=&#8221;tag:h1|font_size:3.9rem|text_align:center|color:%23ffffff|line_height:0.9&#8243; use_theme_fonts=&#8221;yes&#8221; css_animation=&#8221;fadeInUp&#8221; el_class=&#8221;custom-hd delay-2&#8243;][vc_separator color=&#8221;white&#8221; border_width=&#8221;5&#8243; el_width=&#8221;10&#8243; css_animation=&#8221;fadeInUp&#8221; el_class=&#8221;delay-4&#8243; css=&#8221;.vc_custom_1540434017521{margin-bottom: 50px !important;padding-top: 15px !important;}&#8221;][vc_column_text css_animation=&#8221;fadeInUp&#8221; css=&#8221;.vc_custom_1671449272391{margin-left: 3px !important;}&#8221; el_class=&#8221;delay-3&#8243;]<\/p>\n<p style=\"text-align: center;\"><a class=\"button line\" href=\"#formularioa\">Kontsulta bat egin<\/a><\/p>\n<p>[\/vc_column_text][\/vc_column][vc_column width=&#8221;1\/6&#8243;][\/vc_column][\/vc_row][\/vc_section][vc_section css_animation=&#8221;none&#8221;][vc_row][vc_column][vc_widget_sidebar sidebar_id=&#8221;sidebar-616032e9d8ac9&#8243;][\/vc_column][\/vc_row][vc_row][vc_column width=&#8221;1\/6&#8243;][\/vc_column][vc_column width=&#8221;2\/3&#8243;][vc_empty_space height=&#8221;60px&#8221;][vc_custom_heading text=&#8221;Flextron\u2122 TPE plastikoaren ezaugarri nagusiak&#8221; font_container=&#8221;tag:h3|text_align:center&#8221; use_theme_fonts=&#8221;yes&#8221;][vc_empty_space height=&#8221;20px&#8221;][vc_column_text]<\/p>\n<p style=\"text-align: justify;\">Las formas de elast\u00f3mero termopl\u00e1stico (TPE) Flextron\u2122 1055 destacan en aplicaciones en las que se requiere un rendimiento superior al de los elast\u00f3meros convencionales. Este grado en particular, muestra excelentes propiedades de resistencia qu\u00edmica, al tiempo que mantiene sus capacidades mec\u00e1nicas en un amplio rango de temperaturas.<\/p>\n<p>[\/vc_column_text][vc_empty_space height=&#8221;80px&#8221;][\/vc_column][vc_column width=&#8221;1\/6&#8243;][\/vc_column][\/vc_row][\/vc_section][vc_section css=&#8221;.vc_custom_1641553404773{padding-top: 80px !important;padding-bottom: 30px !important;background-color: #f3f6f9 !important;}&#8221; el_class=&#8221;gradient3&#8243;][vc_row css_animation=&#8221;none&#8221;][vc_column][vc_custom_heading text=&#8221;Flextron\u2122 TPE plastikoaren formulak&#8221; font_container=&#8221;tag:h3|text_align:center&#8221; use_theme_fonts=&#8221;yes&#8221;][vc_empty_space height=&#8221;60px&#8221;][vc_row_inner][vc_column_inner width=&#8221;1\/4&#8243;][\/vc_column_inner][vc_column_inner width=&#8221;1\/2&#8243;][vc_toggle title=&#8221;FLEXTRON\u2122 1055 TPE&#8221;]<\/p>\n<p style=\"font-size: 18px;\">Thermoplastic Copolyester Polymer<\/p>\n<p><a class=\"button line\" style=\"color: #1dc2ef !important; text-transform: none !important; margin-top: -15px !important;\" href=\"https:\/\/www.mcam.com\/mam\/51348\/Bronymec-GEP-Flextron\u2122 1055 TPE_en_US.pdf\" target=\"_blank\" rel=\"noopener\">Fitxa teknikoa deskargatu<\/a>[\/vc_toggle][\/vc_column_inner][vc_column_inner width=&#8221;1\/4&#8243;][\/vc_column_inner][\/vc_row_inner][vc_empty_space height=&#8221;60px&#8221;][\/vc_column][\/vc_row][\/vc_section][vc_section css=&#8221;.vc_custom_1671452806361{padding-top: 80px !important;padding-bottom: 80px !important;}&#8221; el_id=&#8221;formularioa&#8221;][vc_row][vc_column][vc_custom_heading text=&#8221;KONTAKTUA&#8221; font_container=&#8221;tag:p|font_size:1rem|text_align:center|color:%23627792&#8243; use_theme_fonts=&#8221;yes&#8221; el_class=&#8221;style1&#8243;][vc_empty_space height=&#8221;6px&#8221;][vc_custom_heading text=&#8221;Aplikazio bakoitzerako aukerarik onena hautatzen dugu&#8221; font_container=&#8221;tag:h3|text_align:center&#8221; use_theme_fonts=&#8221;yes&#8221;][vc_empty_space height=&#8221;60px&#8221;][\/vc_column][\/vc_row][vc_row][vc_column]\n<div class=\"wpcf7 no-js\" id=\"wpcf7-f7564-o1\" lang=\"es-ES\" dir=\"ltr\" data-wpcf7-id=\"7564\">\n<div class=\"screen-reader-response\"><p role=\"status\" aria-live=\"polite\" aria-atomic=\"true\"><\/p> <ul><\/ul><\/div>\n<form action=\"\/eu\/wp-json\/wp\/v2\/pages\/7448#wpcf7-f7564-o1\" method=\"post\" class=\"wpcf7-form init\" aria-label=\"Contact form\" novalidate=\"novalidate\" data-status=\"init\">\n<fieldset class=\"hidden-fields-container\"><input type=\"hidden\" name=\"_wpcf7\" value=\"7564\" \/><input type=\"hidden\" name=\"_wpcf7_version\" value=\"6.1.5\" \/><input type=\"hidden\" name=\"_wpcf7_locale\" value=\"es_ES\" \/><input type=\"hidden\" name=\"_wpcf7_unit_tag\" value=\"wpcf7-f7564-o1\" \/><input type=\"hidden\" name=\"_wpcf7_container_post\" value=\"0\" \/><input type=\"hidden\" name=\"_wpcf7_posted_data_hash\" value=\"\" \/><input type=\"hidden\" name=\"_wpcf7_recaptcha_response\" value=\"\" \/>\n<\/fieldset>\n<div class=\"contact\">\n\t<div class=\"row\">\n\t\t<div class=\"columns columns-6\">\n\t\t\t<p><label>Izena * <span class=\"wpcf7-form-control-wrap\" data-name=\"nombre\"><input size=\"40\" maxlength=\"400\" class=\"wpcf7-form-control wpcf7-text wpcf7-validates-as-required\" aria-required=\"true\" aria-invalid=\"false\" value=\"\" type=\"text\" name=\"nombre\" \/><\/span><\/label>\n\t\t\t<\/p>\n\t\t<\/div>\n\t\t<div class=\"columns columns-6\">\n\t\t\t<p><label>Enpresa * <span class=\"wpcf7-form-control-wrap\" data-name=\"empresa\"><input size=\"40\" maxlength=\"400\" class=\"wpcf7-form-control wpcf7-text wpcf7-validates-as-required\" aria-required=\"true\" aria-invalid=\"false\" value=\"\" type=\"text\" name=\"empresa\" \/><\/span><\/label>\n\t\t\t<\/p>\n\t\t<\/div>\n\t<\/div>\n\t<div class=\"row\">\n\t\t<div class=\"columns columns-6\">\n\t\t\t<p><label>Posta elektronikoa * <span class=\"wpcf7-form-control-wrap\" data-name=\"email\"><input size=\"40\" maxlength=\"400\" class=\"wpcf7-form-control wpcf7-email wpcf7-validates-as-required wpcf7-text wpcf7-validates-as-email\" aria-required=\"true\" aria-invalid=\"false\" value=\"\" type=\"email\" name=\"email\" \/><\/span><\/label>\n\t\t\t<\/p>\n\t\t<\/div>\n\t\t<div class=\"columns columns-6\">\n\t\t\t<p><label>Telefono zenbakia <span class=\"wpcf7-form-control-wrap\" data-name=\"telefono\"><input size=\"40\" maxlength=\"400\" class=\"wpcf7-form-control wpcf7-tel wpcf7-text wpcf7-validates-as-tel\" aria-invalid=\"false\" value=\"\" type=\"tel\" name=\"telefono\" \/><\/span><\/label>\n\t\t\t<\/p>\n\t\t<\/div>\n\t<\/div>\n\t<div class=\"row\">\n\t\t<div class=\"columns columns-12\">\n\t\t\t<p><label>Zer zerbitzuri buruzkoa da zure kontsulta? * <span class=\"wpcf7-form-control-wrap\" data-name=\"servicio\"><select class=\"wpcf7-form-control wpcf7-select wpcf7-validates-as-required\" aria-required=\"true\" aria-invalid=\"false\" name=\"servicio\"><option value=\"Hautatu zerbitzu bat\">Hautatu zerbitzu bat<\/option><option value=\"Material plastikoei buruzko aholkularitza\">Material plastikoei buruzko aholkularitza<\/option><option value=\"Fabrikazio gehigarria\">Fabrikazio gehigarria<\/option><option value=\"Mekanizazioa\">Mekanizazioa<\/option><option value=\"Ingeniaritza - Luma Service\">Ingeniaritza - Luma Service<\/option><option value=\"Bestelakoa\">Bestelakoa<\/option><\/select><\/span><\/label>\n\t\t\t<\/p>\n\t\t<\/div>\n\t<\/div>\n\t<div class=\"row\">\n\t\t<div class=\"columns columns-12\">\n\t\t\t<p><label>Nola lagun zaitzakegu * <span class=\"wpcf7-form-control-wrap\" data-name=\"mensaje\"><textarea cols=\"40\" rows=\"10\" maxlength=\"2000\" class=\"wpcf7-form-control wpcf7-textarea wpcf7-validates-as-required\" aria-required=\"true\" aria-invalid=\"false\" name=\"mensaje\"><\/textarea><\/span><\/label>\n\t\t\t<\/p>\n\t\t<\/div>\n\t<\/div>\n\t<div class=\"row\">\n\t\t<div class=\"columns columns-12\">\n\t\t\t<p><span class=\"wpcf7-form-control-wrap\" data-name=\"lopd\"><span class=\"wpcf7-form-control wpcf7-acceptance\"><span class=\"wpcf7-list-item\"><label><input type=\"checkbox\" name=\"lopd\" value=\"1\" aria-invalid=\"false\" \/><span class=\"wpcf7-list-item-label\">Bronymec-en <a href=\"\/pribatutasun-politika\/\" target=\"_blank\" rel=\"nofollow\">pribatutasun politika<\/a> onartzen dut.<\/span><\/label><\/span><\/span><\/span>\n\t\t\t<\/p>\n\t\t<\/div>\n\t<\/div>\n\t<div class=\"row\">\n\t\t<div class=\"columns columns-12\">\n\t\t\t<p><input class=\"wpcf7-form-control wpcf7-submit has-spinner primary\" type=\"submit\" value=\"Bidali\" \/>\n\t\t\t<\/p>\n\t\t<\/div>\n\t<\/div>\n<\/div><div class=\"wpcf7-response-output\" aria-hidden=\"true\"><\/div>\n<\/form>\n<\/div>\n[\/vc_column][\/vc_row][\/vc_section]<\/p>\n<\/div>","protected":false},"excerpt":{"rendered":"<p>[vc_section css=&#8221;.vc_custom_1643303481303{background-color: #52738d !important;background-position: center !important;background-repeat: no-repeat !important;background-size: contain !important;}&#8221; el_class=&#8221;mask&#8221;][vc_row css=&#8221;.vc_custom_1643045446577{padding-top: 60px !important;padding-bottom: 50px !important;}&#8221;][vc_column width=&#8221;1\/6&#8243;][\/vc_column][vc_column width=&#8221;2\/3&#8243;][vc_custom_heading text=&#8221;Ingeniaritza plastikoak&#8221; font_container=&#8221;tag:p|font_size:2rem|text_align:center|color:%23ffffff&#8221; use_theme_fonts=&#8221;yes&#8221; css_animation=&#8221;fadeInUp&#8221; css=&#8221;.vc_custom_1671448996384{margin-left: 3px !important;}&#8221; el_class=&#8221;delay-1 custom-hd&#8221;][vc_empty_space height=&#8221;20px&#8221;][vc_custom_heading text=&#8221;Flextron\u2122 TPE&#8221; font_container=&#8221;tag:h1|font_size:3.9rem|text_align:center|color:%23ffffff|line_height:0.9&#8243; use_theme_fonts=&#8221;yes&#8221; css_animation=&#8221;fadeInUp&#8221; el_class=&#8221;custom-hd delay-2&#8243;][vc_separator color=&#8221;white&#8221; border_width=&#8221;5&#8243; el_width=&#8221;10&#8243; css_animation=&#8221;fadeInUp&#8221; el_class=&#8221;delay-4&#8243; css=&#8221;.vc_custom_1540434017521{margin-bottom: 50px !important;padding-top: 15px !important;}&#8221;][vc_column_text css_animation=&#8221;fadeInUp&#8221; css=&#8221;.vc_custom_1671449272391{margin-left: 3px !important;}&#8221; el_class=&#8221;delay-3&#8243;] Kontsulta bat egin [\/vc_column_text][\/vc_column][vc_column [&hellip;]<\/p>\n","protected":false},"author":1,"featured_media":0,"parent":7421,"menu_order":15,"comment_status":"closed","ping_status":"closed","template":"tmpl\/template-fullwidth.php","meta":{"_acf_changed":false,"content-type":"","footnotes":""},"class_list":["post-7448","page","type-page","status-publish","hentry"],"acf":[],"yoast_head":"<!-- This site is optimized with the Yoast SEO plugin v27.4 - https:\/\/yoast.com\/product\/yoast-seo-wordpress\/ -->\n<title>Flextron\u2122 TPE - Ingeniaritza-polimeroen stock-a eta mekanizazioa<\/title>\n<meta name=\"description\" content=\"Ingeniaritza-polimeroen stock-a eta mekanizazioa, Flextron\u2122 TPE. Berezko stock-a eta ingeniaritza-zerbitzua\" \/>\n<meta name=\"robots\" content=\"index, follow, max-snippet:-1, max-image-preview:large, max-video-preview:-1\" \/>\n<link rel=\"canonical\" href=\"https:\/\/bronymec.com\/eu\/plastiko-teknikoak\/flextron-tpe\/\" \/>\n<meta property=\"og:locale\" content=\"eu_ES\" \/>\n<meta property=\"og:type\" content=\"article\" \/>\n<meta property=\"og:title\" content=\"Flextron\u2122 TPE - Ingeniaritza-polimeroen stock-a eta mekanizazioa\" \/>\n<meta property=\"og:description\" content=\"Ingeniaritza-polimeroen stock-a eta mekanizazioa, Flextron\u2122 TPE. Berezko stock-a eta ingeniaritza-zerbitzua\" \/>\n<meta property=\"og:url\" content=\"https:\/\/bronymec.com\/eu\/plastiko-teknikoak\/flextron-tpe\/\" \/>\n<meta property=\"og:site_name\" content=\"Bronymec\" \/>\n<meta property=\"article:modified_time\" content=\"2024-07-01T09:27:06+00:00\" \/>\n<meta name=\"twitter:card\" content=\"summary_large_image\" \/>\n<meta name=\"twitter:label1\" content=\"Est. reading time\" \/>\n\t<meta name=\"twitter:data1\" content=\"1 minute\" \/>\n<script type=\"application\/ld+json\" class=\"yoast-schema-graph\">{\"@context\":\"https:\\\/\\\/schema.org\",\"@graph\":[{\"@type\":\"WebPage\",\"@id\":\"https:\\\/\\\/bronymec.com\\\/eu\\\/plastiko-teknikoak\\\/flextron-tpe\\\/\",\"url\":\"https:\\\/\\\/bronymec.com\\\/eu\\\/plastiko-teknikoak\\\/flextron-tpe\\\/\",\"name\":\"Flextron\u2122 TPE - Ingeniaritza-polimeroen stock-a eta mekanizazioa\",\"isPartOf\":{\"@id\":\"https:\\\/\\\/bronymec.com\\\/#website\"},\"datePublished\":\"2022-01-27T17:11:24+00:00\",\"dateModified\":\"2024-07-01T09:27:06+00:00\",\"description\":\"Ingeniaritza-polimeroen stock-a eta mekanizazioa, Flextron\u2122 TPE. Berezko stock-a eta ingeniaritza-zerbitzua\",\"breadcrumb\":{\"@id\":\"https:\\\/\\\/bronymec.com\\\/eu\\\/plastiko-teknikoak\\\/flextron-tpe\\\/#breadcrumb\"},\"inLanguage\":\"eu-ES\",\"potentialAction\":[{\"@type\":\"ReadAction\",\"target\":[\"https:\\\/\\\/bronymec.com\\\/eu\\\/plastiko-teknikoak\\\/flextron-tpe\\\/\"]}]},{\"@type\":\"BreadcrumbList\",\"@id\":\"https:\\\/\\\/bronymec.com\\\/eu\\\/plastiko-teknikoak\\\/flextron-tpe\\\/#breadcrumb\",\"itemListElement\":[{\"@type\":\"ListItem\",\"position\":1,\"name\":\"Portada\",\"item\":\"https:\\\/\\\/bronymec.com\\\/eu\\\/\"},{\"@type\":\"ListItem\",\"position\":2,\"name\":\"Plastiko Teknikoak\",\"item\":\"https:\\\/\\\/bronymec.com\\\/eu\\\/plastiko-teknikoak\\\/\"},{\"@type\":\"ListItem\",\"position\":3,\"name\":\"Flextron\u2122 \u2013 TPE\"}]},{\"@type\":\"WebSite\",\"@id\":\"https:\\\/\\\/bronymec.com\\\/#website\",\"url\":\"https:\\\/\\\/bronymec.com\\\/\",\"name\":\"Bronymec\",\"description\":\"Mecanizado y distribuci\u00f3n de pol\u00edmeros\",\"publisher\":{\"@id\":\"https:\\\/\\\/bronymec.com\\\/#organization\"},\"potentialAction\":[{\"@type\":\"SearchAction\",\"target\":{\"@type\":\"EntryPoint\",\"urlTemplate\":\"https:\\\/\\\/bronymec.com\\\/?s={search_term_string}\"},\"query-input\":{\"@type\":\"PropertyValueSpecification\",\"valueRequired\":true,\"valueName\":\"search_term_string\"}}],\"inLanguage\":\"eu-ES\"},{\"@type\":\"Organization\",\"@id\":\"https:\\\/\\\/bronymec.com\\\/#organization\",\"name\":\"Bronymec\",\"url\":\"https:\\\/\\\/bronymec.com\\\/\",\"logo\":{\"@type\":\"ImageObject\",\"inLanguage\":\"eu-ES\",\"@id\":\"https:\\\/\\\/bronymec.com\\\/#\\\/schema\\\/logo\\\/image\\\/\",\"url\":\"https:\\\/\\\/bronymec.com\\\/wp-content\\\/uploads\\\/logo-bronymec.png\",\"contentUrl\":\"https:\\\/\\\/bronymec.com\\\/wp-content\\\/uploads\\\/logo-bronymec.png\",\"width\":110,\"height\":66,\"caption\":\"Bronymec\"},\"image\":{\"@id\":\"https:\\\/\\\/bronymec.com\\\/#\\\/schema\\\/logo\\\/image\\\/\"},\"sameAs\":[\"https:\\\/\\\/www.linkedin.com\\\/company\\\/bronymec\\\/\"]}]}<\/script>\n<!-- \/ Yoast SEO plugin. -->","yoast_head_json":{"title":"Flextron\u2122 TPE - Ingeniaritza-polimeroen stock-a eta mekanizazioa","description":"Ingeniaritza-polimeroen stock-a eta mekanizazioa, Flextron\u2122 TPE. Berezko stock-a eta ingeniaritza-zerbitzua","robots":{"index":"index","follow":"follow","max-snippet":"max-snippet:-1","max-image-preview":"max-image-preview:large","max-video-preview":"max-video-preview:-1"},"canonical":"https:\/\/bronymec.com\/eu\/plastiko-teknikoak\/flextron-tpe\/","og_locale":"eu_ES","og_type":"article","og_title":"Flextron\u2122 TPE - Ingeniaritza-polimeroen stock-a eta mekanizazioa","og_description":"Ingeniaritza-polimeroen stock-a eta mekanizazioa, Flextron\u2122 TPE. Berezko stock-a eta ingeniaritza-zerbitzua","og_url":"https:\/\/bronymec.com\/eu\/plastiko-teknikoak\/flextron-tpe\/","og_site_name":"Bronymec","article_modified_time":"2024-07-01T09:27:06+00:00","twitter_card":"summary_large_image","twitter_misc":{"Est. reading time":"1 minute"},"schema":{"@context":"https:\/\/schema.org","@graph":[{"@type":"WebPage","@id":"https:\/\/bronymec.com\/eu\/plastiko-teknikoak\/flextron-tpe\/","url":"https:\/\/bronymec.com\/eu\/plastiko-teknikoak\/flextron-tpe\/","name":"Flextron\u2122 TPE - Ingeniaritza-polimeroen stock-a eta mekanizazioa","isPartOf":{"@id":"https:\/\/bronymec.com\/#website"},"datePublished":"2022-01-27T17:11:24+00:00","dateModified":"2024-07-01T09:27:06+00:00","description":"Ingeniaritza-polimeroen stock-a eta mekanizazioa, Flextron\u2122 TPE. Berezko stock-a eta ingeniaritza-zerbitzua","breadcrumb":{"@id":"https:\/\/bronymec.com\/eu\/plastiko-teknikoak\/flextron-tpe\/#breadcrumb"},"inLanguage":"eu-ES","potentialAction":[{"@type":"ReadAction","target":["https:\/\/bronymec.com\/eu\/plastiko-teknikoak\/flextron-tpe\/"]}]},{"@type":"BreadcrumbList","@id":"https:\/\/bronymec.com\/eu\/plastiko-teknikoak\/flextron-tpe\/#breadcrumb","itemListElement":[{"@type":"ListItem","position":1,"name":"Portada","item":"https:\/\/bronymec.com\/eu\/"},{"@type":"ListItem","position":2,"name":"Plastiko Teknikoak","item":"https:\/\/bronymec.com\/eu\/plastiko-teknikoak\/"},{"@type":"ListItem","position":3,"name":"Flextron\u2122 \u2013 TPE"}]},{"@type":"WebSite","@id":"https:\/\/bronymec.com\/#website","url":"https:\/\/bronymec.com\/","name":"Bronymec","description":"Mecanizado y distribuci\u00f3n de pol\u00edmeros","publisher":{"@id":"https:\/\/bronymec.com\/#organization"},"potentialAction":[{"@type":"SearchAction","target":{"@type":"EntryPoint","urlTemplate":"https:\/\/bronymec.com\/?s={search_term_string}"},"query-input":{"@type":"PropertyValueSpecification","valueRequired":true,"valueName":"search_term_string"}}],"inLanguage":"eu-ES"},{"@type":"Organization","@id":"https:\/\/bronymec.com\/#organization","name":"Bronymec","url":"https:\/\/bronymec.com\/","logo":{"@type":"ImageObject","inLanguage":"eu-ES","@id":"https:\/\/bronymec.com\/#\/schema\/logo\/image\/","url":"https:\/\/bronymec.com\/wp-content\/uploads\/logo-bronymec.png","contentUrl":"https:\/\/bronymec.com\/wp-content\/uploads\/logo-bronymec.png","width":110,"height":66,"caption":"Bronymec"},"image":{"@id":"https:\/\/bronymec.com\/#\/schema\/logo\/image\/"},"sameAs":["https:\/\/www.linkedin.com\/company\/bronymec\/"]}]}},"_links":{"self":[{"href":"https:\/\/bronymec.com\/eu\/wp-json\/wp\/v2\/pages\/7448","targetHints":{"allow":["GET"]}}],"collection":[{"href":"https:\/\/bronymec.com\/eu\/wp-json\/wp\/v2\/pages"}],"about":[{"href":"https:\/\/bronymec.com\/eu\/wp-json\/wp\/v2\/types\/page"}],"author":[{"embeddable":true,"href":"https:\/\/bronymec.com\/eu\/wp-json\/wp\/v2\/users\/1"}],"replies":[{"embeddable":true,"href":"https:\/\/bronymec.com\/eu\/wp-json\/wp\/v2\/comments?post=7448"}],"version-history":[{"count":5,"href":"https:\/\/bronymec.com\/eu\/wp-json\/wp\/v2\/pages\/7448\/revisions"}],"predecessor-version":[{"id":8317,"href":"https:\/\/bronymec.com\/eu\/wp-json\/wp\/v2\/pages\/7448\/revisions\/8317"}],"up":[{"embeddable":true,"href":"https:\/\/bronymec.com\/eu\/wp-json\/wp\/v2\/pages\/7421"}],"wp:attachment":[{"href":"https:\/\/bronymec.com\/eu\/wp-json\/wp\/v2\/media?parent=7448"}],"curies":[{"name":"wp","href":"https:\/\/api.w.org\/{rel}","templated":true}]}}