{"id":6546,"date":"2021-09-28T17:43:10","date_gmt":"2021-09-28T15:43:10","guid":{"rendered":"https:\/\/bronymec.com\/inicio\/"},"modified":"2025-11-27T10:58:08","modified_gmt":"2025-11-27T09:58:08","slug":"inicio","status":"publish","type":"page","link":"https:\/\/bronymec.com\/fr\/","title":{"rendered":"Accueil"},"content":{"rendered":"<div class=\"wpb-content-wrapper\"><p>[vc_section css=\u00a0\u00bb.vc_custom_1659374632293{background: #52738d url(https:\/\/bronymec.com\/wp-content\/uploads\/mecanizado-plasticos.jpg?id=4266) !important;background-position: center !important;background-repeat: no-repeat !important;background-size: cover !important;}\u00a0\u00bb el_class=\u00a0\u00bbmask text-shadow\u00a0\u00bb][vc_row css=\u00a0\u00bb.vc_custom_1575623860526{padding-top: 120px !important;padding-bottom: 100px !important;}\u00a0\u00bb][vc_column width=\u00a0\u00bb1\/6&Prime;][\/vc_column][vc_column width=\u00a0\u00bb2\/3&Prime;][vc_custom_heading text=\u00a0\u00bbBronymec\u00a0\u00bb font_container=\u00a0\u00bbtag:p|font_size:2rem|text_align:center|color:%23ffffff\u00a0\u00bb use_theme_fonts=\u00a0\u00bbyes\u00a0\u00bb css_animation=\u00a0\u00bbfadeInUp\u00a0\u00bb css=\u00a0\u00bb.vc_custom_1659375506348{margin-left: 3px !important;}\u00a0\u00bb el_class=\u00a0\u00bbdelay-1 custom-hd\u00a0\u00bb][vc_empty_space height=\u00a0\u00bb20px\u00a0\u00bb][vc_custom_heading text=\u00a0\u00bbSp\u00e9cialistes en plastiques techniques\u00a0\u00bb font_container=\u00a0\u00bbtag:h1|font_size:4.5rem|text_align:center|color:%23ffffff|line_height:0.9&Prime; use_theme_fonts=\u00a0\u00bbyes\u00a0\u00bb css_animation=\u00a0\u00bbfadeInUp\u00a0\u00bb el_class=\u00a0\u00bbcustom-hd delay-2&Prime;][vc_separator color=\u00a0\u00bbwhite\u00a0\u00bb border_width=\u00a0\u00bb5&Prime; el_width=\u00a0\u00bb10&Prime; css_animation=\u00a0\u00bbfadeInUp\u00a0\u00bb css=\u00a0\u00bb.vc_custom_1540434095954{margin-bottom: 50px !important;padding-top: 15px !important;}\u00a0\u00bb el_class=\u00a0\u00bbdelay-4&Prime;][vc_column_text css_animation=\u00a0\u00bbfadeInUp\u00a0\u00bb css=\u00a0\u00bb.vc_custom_1665998671501{margin-left: 3px !important;}\u00a0\u00bb el_class=\u00a0\u00bbdelay-3&Prime;]<\/p>\n<p style=\"text-align: center;\"><a class=\"button line\" href=\"https:\/\/bronymec.com\/fr\/contact\/#formulaire\">Faire une demande<\/a><\/p>\n<p>[\/vc_column_text][\/vc_column][vc_column width=\u00a0\u00bb1\/6&Prime;][\/vc_column][\/vc_row][\/vc_section][vc_section css_animation=\u00a0\u00bbslideInUp\u00a0\u00bb css=\u00a0\u00bb.vc_custom_1633622289965{padding-bottom: 60px !important;background-color: #eceff3 !important;}\u00a0\u00bb][vc_row css=\u00a0\u00bb.vc_custom_1633345237216{padding-top: 80px !important;padding-bottom: 200px !important;background-color: #004f7b !important;}\u00a0\u00bb][vc_column width=\u00a0\u00bb1\/3&Prime;][vc_custom_heading text=\u00a0\u00bbNous proposons des solutions plastiques depuis 1995&Prime; font_container=\u00a0\u00bbtag:h2|text_align:left|color:%23ffffff\u00a0\u00bb use_theme_fonts=\u00a0\u00bbyes\u00a0\u00bb][vc_empty_space height=\u00a0\u00bb20px\u00a0\u00bb][\/vc_column][vc_column width=\u00a0\u00bb2\/3&Prime;][vc_column_text el_class=\u00a0\u00bbwhite-justi\u00a0\u00bb]Chez Bronymec cela fait plus de 25 ans que nous sommes sp\u00e9cialis\u00e9s dans la distribution et l\u2019usinage de polym\u00e8res, ce qui nous a amen\u00e9s \u00e0 conna\u00eetre les potentialit\u00e9s de notre gamme de mat\u00e9riaux, en pouvant ainsi conseiller et proposer le thermoplastique le plus appropri\u00e9 pour chaque application.<\/p>\n<p>Gr\u00e2ce au pari constant sur l\u2019innovation et la technologie, nous avons r\u00e9cemment inclus la fabrication additive \u00e0 notre gamme de services, ce qui nous permet de fabriquer des pi\u00e8ces all\u00e9g\u00e9es, aux g\u00e9om\u00e9tries complexes et totalement fonctionnelles pour une multitude d\u2019applications industrielles.[\/vc_column_text][vc_empty_space height=\u00a0\u00bb20px\u00a0\u00bb][\/vc_column][\/vc_row][vc_row equal_height=\u00a0\u00bbyes\u00a0\u00bb css_animation=\u00a0\u00bbnone\u00a0\u00bb css=\u00a0\u00bb.vc_custom_1659699326028{margin-top: -160px !important;}\u00a0\u00bb][vc_column css_animation=\u00a0\u00bbnone\u00a0\u00bb width=\u00a0\u00bb1\/3&Prime;]<div class=\"iconbox  \">\n\n\t<h3 class=\"box-title\">Usinage<\/h3>\n\t<div class=\"box-detail\">\n\t\t<p>Sp\u00e9cialis\u00e9s dans l\u2019usinage des mati\u00e8res plastiques et composites<\/p>\n\t\n\t<\/div>\n\t<div class=\"box-icon\"><img decoding=\"async\" src=\"https:\/\/bronymec.com\/wp-content\/uploads\/mecanizado-icono.svg\" alt=\"Usinage\" \/><\/div>\t\n\t\n\t\t<div class=\"box-readmore\">\n\t\t\t<a class=\"button no-bg\" href=\"\/fr\/usinage-plastiques\/\">Usinage de pr\u00e9cision<\/a>\n\t\t<\/div>\n<\/div>[vc_empty_space height=\u00a0\u00bb60px\u00a0\u00bb][\/vc_column][vc_column css_animation=\u00a0\u00bbnone\u00a0\u00bb width=\u00a0\u00bb1\/3&Prime;]<div class=\"iconbox  \">\n\n\t<h3 class=\"box-title\">Fabrication additive<\/h3>\n\t<div class=\"box-detail\">\n\t\t<p>Pi\u00e8ces pr\u00e9cises, all\u00e9g\u00e9es et g\u00e9om\u00e9triquement complexes<\/p>\n\t\n\t<\/div>\n\t<div class=\"box-icon\"><img decoding=\"async\" src=\"https:\/\/bronymec.com\/wp-content\/uploads\/fabricacion-aditiva-icono.svg\" alt=\"Fabrication additive\" \/><\/div>\t\n\t\n\t\t<div class=\"box-readmore\">\n\t\t\t<a class=\"button no-bg\" href=\"\/fr\/fabrication-additive\/\">Fabrication additive avanc\u00e9e<\/a>\n\t\t<\/div>\n<\/div>[vc_empty_space height=\u00a0\u00bb60px\u00a0\u00bb][\/vc_column][vc_column css_animation=\u00a0\u00bbnone\u00a0\u00bb width=\u00a0\u00bb1\/3&Prime;]<div class=\"iconbox  \">\n\n\t<h3 class=\"box-title\">Magasin<\/h3>\n\t<div class=\"box-detail\">\n\t\t<p>Plus de 1500 r\u00e9f\u00e9rences de stock permanent<\/p>\n\t\n\t<\/div>\n\t<div class=\"box-icon\"><img decoding=\"async\" src=\"https:\/\/bronymec.com\/wp-content\/uploads\/almacen-icono.svg\" alt=\"Magasin\" \/><\/div>\t\n\t\n\t\t<div class=\"box-readmore\">\n\t\t\t<a class=\"button no-bg\" href=\"\/fr\/ingenierie-materiaux-plastiques\/#selection-materiaux\">Polym\u00e8res techniques<\/a>\n\t\t<\/div>\n<\/div>[vc_empty_space height=\u00a0\u00bb60px\u00a0\u00bb][\/vc_column][\/vc_row][\/vc_section][vc_section css=\u00a0\u00bb.vc_custom_1649782285505{padding-top: 80px !important;padding-bottom: 80px !important;}\u00a0\u00bb][vc_row][vc_column][vc_custom_heading text=\u00a0\u00bbConception et fabrication de pi\u00e8ces pour l\u2019industrie\u00a0\u00bb font_container=\u00a0\u00bbtag:h2|text_align:center\u00a0\u00bb use_theme_fonts=\u00a0\u00bbyes\u00a0\u00bb][vc_empty_space height=\u00a0\u00bb8px\u00a0\u00bb][vc_custom_heading text=\u00a0\u00bbNotre travail commence bien avant l\u2019usinage\u00a0\u00bb font_container=\u00a0\u00bbtag:p|font_size:24|text_align:center|color:%2352738d\u00a0\u00bb use_theme_fonts=\u00a0\u00bbyes\u00a0\u00bb][vc_separator color=\u00a0\u00bbcustom\u00a0\u00bb border_width=\u00a0\u00bb5&Prime; el_width=\u00a0\u00bb10&Prime; css_animation=\u00a0\u00bbfadeInUp\u00a0\u00bb css=\u00a0\u00bb.vc_custom_1649774952569{margin-bottom: 50px !important;padding-top: 15px !important;}\u00a0\u00bb el_class=\u00a0\u00bbdelay-4&Prime; accent_color=\u00a0\u00bb#52738d\u00a0\u00bb][vc_column_text]<\/p>\n<p style=\"text-align: justify;\">Nous proposons un service d\u2019ing\u00e9nierie pr\u00e9alable \u00e0 la fabrication au cours duquel nous accompagnons nos clients dans le processus de s\u00e9lection du mat\u00e9riau optimal et le design le plus efficace pour chaque projet.<\/p>\n<p style=\"text-align: justify;\">L\u2019exp\u00e9rience accumul\u00e9e depuis plus de 25 ans, le pari sur la recherche permanent, et des outils logiciels de pointe nous permettent de donner une r\u00e9ponse rapide et d\u00e9cisive aux besoins du march\u00e9.<\/p>\n<p style=\"text-align: justify;\">Nous utilisons des outils CAD\/CAM pour la conception et l\u2019usinage, en plus d\u2019outils de simulation CAE et l\u2019optimisation topologique, ce qui nous aide \u00e0 acc\u00e9l\u00e9rer le processus de fabrication et \u00e0 obtenir des designs et des pi\u00e8ces pr\u00e9cises dans un laps de temps plus serr\u00e9.<\/p>\n<p>[\/vc_column_text][vc_empty_space height=\u00a0\u00bb40px\u00a0\u00bb][\/vc_column][\/vc_row][vc_row equal_height=\u00a0\u00bbyes\u00a0\u00bb][vc_column css_animation=\u00a0\u00bbfadeIn\u00a0\u00bb width=\u00a0\u00bb1\/2&Prime; el_class=\u00a0\u00bbdelay-1&Prime;]<div class=\"iconbox style3 \">\n\n\t<h3 class=\"box-title\">Usinage de polym\u00e8res<\/h3>\n\t<div class=\"box-detail\">\n\t\t<p>Nous avons incorpor\u00e9 des technologies comme CAM avanc\u00e9 et usinage sur 5 axes continus; en outre, nous disposons de syst\u00e8mes robotis\u00e9s pour nos processus, tant de tournage que de fraisage.<\/p>\n\t\n\t<\/div>\n\t<div class=\"box-icon\"><img decoding=\"async\" src=\"https:\/\/bronymec.com\/wp-content\/uploads\/mecanizado-precision-icono.svg\" alt=\"Usinage de polym\u00e8res\" \/><\/div>\t\n\t\n\t\t<div class=\"box-readmore\">\n\t\t\t<a class=\"button no-bg\" href=\"\/fr\/usinage-plastiques\/\">Aller \u00e0 l&#039;usinage des polym\u00e8res<\/a>\n\t\t<\/div>\n<\/div>[vc_empty_space height=\u00a0\u00bb30px\u00a0\u00bb][\/vc_column][vc_column css_animation=\u00a0\u00bbfadeIn\u00a0\u00bb width=\u00a0\u00bb1\/2&Prime; el_class=\u00a0\u00bbdelay-2&Prime;]<div class=\"iconbox style3 \">\n\n\t<h3 class=\"box-title\">Fabrication additive<\/h3>\n\t<div class=\"box-detail\">\n\t\t<p>La fabrication additive permet de cr\u00e9er des formes g\u00e9om\u00e9triques complexes, all\u00e9g\u00e9es et r\u00e9sistantes, dans des d\u00e9lais tr\u00e8s courts.<\/p>\n\t\n\t<\/div>\n\t<div class=\"box-icon\"><img decoding=\"async\" src=\"https:\/\/bronymec.com\/wp-content\/uploads\/fabricacion-aditiva-icono.svg\" alt=\"Fabrication additive\" \/><\/div>\t\n\t\n\t\t<div class=\"box-readmore\">\n\t\t\t<a class=\"button no-bg\" href=\"\/fr\/fabrication-additive\/\">Aller \u00e0 la fabrication additive<\/a>\n\t\t<\/div>\n<\/div>[vc_empty_space height=\u00a0\u00bb30px\u00a0\u00bb][\/vc_column][\/vc_row][\/vc_section][vc_section css=\u00a0\u00bb.vc_custom_1666277298734{margin-bottom: -50px !important;}\u00a0\u00bb][vc_row css=\u00a0\u00bb.vc_custom_1657548208355{padding-top: 80px !important;padding-bottom: 60px !important;background-color: #004f7b !important;}\u00a0\u00bb][vc_column][vc_row_inner el_class=\u00a0\u00bbwhite-justi\u00a0\u00bb][vc_column_inner width=\u00a0\u00bb1\/4&Prime;][vc_custom_heading text=\u00a0\u00bbSolutions<br \/>\nplastiques\u00a0\u00bb font_container=\u00a0\u00bbtag:h2|text_align:left|color:%23ffffff\u00a0\u00bb use_theme_fonts=\u00a0\u00bbyes\u00a0\u00bb][vc_empty_space height=\u00a0\u00bb20px\u00a0\u00bb][\/vc_column_inner][vc_column_inner width=\u00a0\u00bb3\/4&Prime;][vc_column_text]Nous disposons d\u2019un magasin de stock permanent de plus de 1500 r\u00e9f\u00e9rences. Notre magasin intelligent nous permet de r\u00e9duire de 45% les temps de manipulation.<\/p>\n<p>Nous avons renforc\u00e9 notre magasin de mat\u00e9riaux avec une disponibilit\u00e9 imm\u00e9diate, en am\u00e9liorant \u00e9galement les d\u00e9lais de livraison de pi\u00e8ce usin\u00e9e.[\/vc_column_text][vc_empty_space height=\u00a0\u00bb20px\u00a0\u00bb][\/vc_column_inner][\/vc_row_inner][vc_empty_space height=\u00a0\u00bb40px\u00a0\u00bb][vc_row_inner][vc_column_inner width=\u00a0\u00bb1\/2&Prime;]<div class=\"iconbox  \">\n\n\t<h3 class=\"box-title\">Sp\u00e9cialistes en s\u00e9lection de mat\u00e9riaux polym\u00e9riques<\/h3>\n\t<div class=\"box-detail\">\n\t\t<p>Nous conseillons notre client dans le processus de s\u00e9lection du thermoplastique ou composite ad\u00e9quat pour chaque application.<\/p>\n\t\n\t<\/div>\n\t<div class=\"box-icon\"><img decoding=\"async\" src=\"https:\/\/bronymec.com\/wp-content\/uploads\/selecion-materiales-icono.svg\" alt=\"Sp\u00e9cialistes en s\u00e9lection de mat\u00e9riaux polym\u00e9riques\" \/><\/div>\t\n\t\n\t\t<div class=\"box-readmore\">\n\t\t\t<a class=\"button no-bg\" href=\"\/fr\/ingenierie-materiaux-plastiques\/#selection-materiaux\">Aller \u00e0 la s\u00e9lection des mat\u00e9riaux<\/a>\n\t\t<\/div>\n<\/div>[vc_empty_space height=\u00a0\u00bb30px\u00a0\u00bb][\/vc_column_inner][vc_column_inner width=\u00a0\u00bb1\/2&Prime;]<div class=\"iconbox   vc_custom_1666000118351\">\n\n\t<h3 class=\"box-title\">Plastiques techniques<\/h3>\n\t<div class=\"box-detail\">\n\t\t<p>Nous disposons de plus de 80 formulations distinctes de thermoplastiques et composites ce qui nous permet de trouver une solution appropri\u00e9e pour les conditions techniques de chaque application.<\/p>\n\t\n\t<\/div>\n\t<div class=\"box-icon\"><img decoding=\"async\" src=\"https:\/\/bronymec.com\/wp-content\/uploads\/plasticos-tecnicos-icono.svg\" alt=\"Plastiques techniques\" \/><\/div>\t\n\t\n\t\t<div class=\"box-readmore\">\n\t\t\t<a class=\"button no-bg\" href=\"\/fr\/plastiques-techniques\/\">Aller aux plastiques techniques<\/a>\n\t\t<\/div>\n<\/div>[\/vc_column_inner][\/vc_row_inner][\/vc_column][\/vc_row][\/vc_section]<\/p>\n<\/div>","protected":false},"excerpt":{"rendered":"<p>[vc_section css=\u00a0\u00bb.vc_custom_1659374632293{background: #52738d url(https:\/\/bronymec.com\/wp-content\/uploads\/mecanizado-plasticos.jpg?id=4266) !important;background-position: center !important;background-repeat: no-repeat !important;background-size: cover !important;}\u00a0\u00bb el_class=\u00a0\u00bbmask text-shadow\u00a0\u00bb][vc_row css=\u00a0\u00bb.vc_custom_1575623860526{padding-top: 120px !important;padding-bottom: 100px !important;}\u00a0\u00bb][vc_column width=\u00a0\u00bb1\/6&Prime;][\/vc_column][vc_column width=\u00a0\u00bb2\/3&Prime;][vc_custom_heading text=\u00a0\u00bbBronymec\u00a0\u00bb font_container=\u00a0\u00bbtag:p|font_size:2rem|text_align:center|color:%23ffffff\u00a0\u00bb use_theme_fonts=\u00a0\u00bbyes\u00a0\u00bb css_animation=\u00a0\u00bbfadeInUp\u00a0\u00bb css=\u00a0\u00bb.vc_custom_1659375506348{margin-left: 3px !important;}\u00a0\u00bb el_class=\u00a0\u00bbdelay-1 custom-hd\u00a0\u00bb][vc_empty_space height=\u00a0\u00bb20px\u00a0\u00bb][vc_custom_heading text=\u00a0\u00bbSp\u00e9cialistes en plastiques techniques\u00a0\u00bb font_container=\u00a0\u00bbtag:h1|font_size:4.5rem|text_align:center|color:%23ffffff|line_height:0.9&Prime; use_theme_fonts=\u00a0\u00bbyes\u00a0\u00bb css_animation=\u00a0\u00bbfadeInUp\u00a0\u00bb el_class=\u00a0\u00bbcustom-hd delay-2&Prime;][vc_separator color=\u00a0\u00bbwhite\u00a0\u00bb border_width=\u00a0\u00bb5&Prime; el_width=\u00a0\u00bb10&Prime; css_animation=\u00a0\u00bbfadeInUp\u00a0\u00bb css=\u00a0\u00bb.vc_custom_1540434095954{margin-bottom: 50px !important;padding-top: 15px !important;}\u00a0\u00bb el_class=\u00a0\u00bbdelay-4&Prime;][vc_column_text css_animation=\u00a0\u00bbfadeInUp\u00a0\u00bb css=\u00a0\u00bb.vc_custom_1665998671501{margin-left: 3px !important;}\u00a0\u00bb el_class=\u00a0\u00bbdelay-3&Prime;] Faire [&hellip;]<\/p>\n","protected":false},"author":1,"featured_media":0,"parent":0,"menu_order":1,"comment_status":"closed","ping_status":"closed","template":"tmpl\/template-fullwidth.php","meta":{"_acf_changed":false,"content-type":"","footnotes":""},"class_list":["post-6546","page","type-page","status-publish","hentry"],"acf":[],"yoast_head":"<!-- This site is optimized with the Yoast SEO plugin v27.3 - https:\/\/yoast.com\/product\/yoast-seo-wordpress\/ -->\n<title>Bronymec - Usinage et distribution de polym\u00e8res<\/title>\n<meta name=\"description\" content=\"Plus de 25 ans de sp\u00e9cialisation dans la distribution et l&#039;usinage de polym\u00e8res, et experts en fabrication additive\" \/>\n<meta name=\"robots\" content=\"index, follow, max-snippet:-1, max-image-preview:large, max-video-preview:-1\" \/>\n<link rel=\"canonical\" href=\"https:\/\/bronymec.com\/fr\/\" \/>\n<meta property=\"og:locale\" content=\"fr_FR\" \/>\n<meta property=\"og:type\" content=\"article\" \/>\n<meta property=\"og:title\" content=\"Bronymec - Usinage et distribution de polym\u00e8res\" \/>\n<meta property=\"og:description\" content=\"Plus de 25 ans de sp\u00e9cialisation dans la distribution et l&#039;usinage de polym\u00e8res, et experts en fabrication additive\" \/>\n<meta property=\"og:url\" content=\"https:\/\/bronymec.com\/fr\/\" \/>\n<meta property=\"og:site_name\" content=\"Bronymec\" \/>\n<meta property=\"article:modified_time\" content=\"2025-11-27T09:58:08+00:00\" \/>\n<meta property=\"og:image\" content=\"https:\/\/bronymec.com\/wp-content\/uploads\/plasticos-tecnicos-mecanizados.jpg\" \/>\n\t<meta property=\"og:image:width\" content=\"650\" \/>\n\t<meta property=\"og:image:height\" content=\"350\" \/>\n\t<meta property=\"og:image:type\" content=\"image\/jpeg\" \/>\n<meta name=\"twitter:card\" content=\"summary_large_image\" \/>\n<meta name=\"twitter:image\" content=\"https:\/\/bronymec.com\/wp-content\/uploads\/plasticos-tecnicos-mecanizados.jpg\" \/>\n<meta name=\"twitter:label1\" content=\"Dur\u00e9e de lecture estim\u00e9e\" \/>\n\t<meta name=\"twitter:data1\" content=\"5 minutes\" \/>\n<script type=\"application\/ld+json\" class=\"yoast-schema-graph\">{\"@context\":\"https:\\\/\\\/schema.org\",\"@graph\":[{\"@type\":\"WebPage\",\"@id\":\"https:\\\/\\\/bronymec.com\\\/fr\\\/\",\"url\":\"https:\\\/\\\/bronymec.com\\\/fr\\\/\",\"name\":\"Bronymec - Usinage et distribution de polym\u00e8res\",\"isPartOf\":{\"@id\":\"https:\\\/\\\/bronymec.com\\\/#website\"},\"datePublished\":\"2021-09-28T15:43:10+00:00\",\"dateModified\":\"2025-11-27T09:58:08+00:00\",\"description\":\"Plus de 25 ans de sp\u00e9cialisation dans la distribution et l'usinage de polym\u00e8res, et experts en fabrication additive\",\"breadcrumb\":{\"@id\":\"https:\\\/\\\/bronymec.com\\\/fr\\\/#breadcrumb\"},\"inLanguage\":\"fr-FR\",\"potentialAction\":[{\"@type\":\"ReadAction\",\"target\":[\"https:\\\/\\\/bronymec.com\\\/fr\\\/\"]}]},{\"@type\":\"BreadcrumbList\",\"@id\":\"https:\\\/\\\/bronymec.com\\\/fr\\\/#breadcrumb\",\"itemListElement\":[{\"@type\":\"ListItem\",\"position\":1,\"name\":\"Portada\",\"item\":\"https:\\\/\\\/bronymec.com\\\/fr\\\/\"},{\"@type\":\"ListItem\",\"position\":2,\"name\":\"Accueil\"}]},{\"@type\":\"WebSite\",\"@id\":\"https:\\\/\\\/bronymec.com\\\/#website\",\"url\":\"https:\\\/\\\/bronymec.com\\\/\",\"name\":\"Bronymec\",\"description\":\"Mecanizado y distribuci\u00f3n de pol\u00edmeros\",\"publisher\":{\"@id\":\"https:\\\/\\\/bronymec.com\\\/#organization\"},\"potentialAction\":[{\"@type\":\"SearchAction\",\"target\":{\"@type\":\"EntryPoint\",\"urlTemplate\":\"https:\\\/\\\/bronymec.com\\\/?s={search_term_string}\"},\"query-input\":{\"@type\":\"PropertyValueSpecification\",\"valueRequired\":true,\"valueName\":\"search_term_string\"}}],\"inLanguage\":\"fr-FR\"},{\"@type\":\"Organization\",\"@id\":\"https:\\\/\\\/bronymec.com\\\/#organization\",\"name\":\"Bronymec\",\"url\":\"https:\\\/\\\/bronymec.com\\\/\",\"logo\":{\"@type\":\"ImageObject\",\"inLanguage\":\"fr-FR\",\"@id\":\"https:\\\/\\\/bronymec.com\\\/#\\\/schema\\\/logo\\\/image\\\/\",\"url\":\"https:\\\/\\\/bronymec.com\\\/wp-content\\\/uploads\\\/logo-bronymec.png\",\"contentUrl\":\"https:\\\/\\\/bronymec.com\\\/wp-content\\\/uploads\\\/logo-bronymec.png\",\"width\":110,\"height\":66,\"caption\":\"Bronymec\"},\"image\":{\"@id\":\"https:\\\/\\\/bronymec.com\\\/#\\\/schema\\\/logo\\\/image\\\/\"},\"sameAs\":[\"https:\\\/\\\/www.linkedin.com\\\/company\\\/bronymec\\\/\"]}]}<\/script>\n<!-- \/ Yoast SEO plugin. -->","yoast_head_json":{"title":"Bronymec - Usinage et distribution de polym\u00e8res","description":"Plus de 25 ans de sp\u00e9cialisation dans la distribution et l'usinage de polym\u00e8res, et experts en fabrication additive","robots":{"index":"index","follow":"follow","max-snippet":"max-snippet:-1","max-image-preview":"max-image-preview:large","max-video-preview":"max-video-preview:-1"},"canonical":"https:\/\/bronymec.com\/fr\/","og_locale":"fr_FR","og_type":"article","og_title":"Bronymec - Usinage et distribution de polym\u00e8res","og_description":"Plus de 25 ans de sp\u00e9cialisation dans la distribution et l'usinage de polym\u00e8res, et experts en fabrication additive","og_url":"https:\/\/bronymec.com\/fr\/","og_site_name":"Bronymec","article_modified_time":"2025-11-27T09:58:08+00:00","og_image":[{"width":650,"height":350,"url":"https:\/\/bronymec.com\/wp-content\/uploads\/plasticos-tecnicos-mecanizados.jpg","type":"image\/jpeg"}],"twitter_card":"summary_large_image","twitter_image":"https:\/\/bronymec.com\/wp-content\/uploads\/plasticos-tecnicos-mecanizados.jpg","twitter_misc":{"Dur\u00e9e de lecture estim\u00e9e":"5 minutes"},"schema":{"@context":"https:\/\/schema.org","@graph":[{"@type":"WebPage","@id":"https:\/\/bronymec.com\/fr\/","url":"https:\/\/bronymec.com\/fr\/","name":"Bronymec - Usinage et distribution de polym\u00e8res","isPartOf":{"@id":"https:\/\/bronymec.com\/#website"},"datePublished":"2021-09-28T15:43:10+00:00","dateModified":"2025-11-27T09:58:08+00:00","description":"Plus de 25 ans de sp\u00e9cialisation dans la distribution et l'usinage de polym\u00e8res, et experts en fabrication additive","breadcrumb":{"@id":"https:\/\/bronymec.com\/fr\/#breadcrumb"},"inLanguage":"fr-FR","potentialAction":[{"@type":"ReadAction","target":["https:\/\/bronymec.com\/fr\/"]}]},{"@type":"BreadcrumbList","@id":"https:\/\/bronymec.com\/fr\/#breadcrumb","itemListElement":[{"@type":"ListItem","position":1,"name":"Portada","item":"https:\/\/bronymec.com\/fr\/"},{"@type":"ListItem","position":2,"name":"Accueil"}]},{"@type":"WebSite","@id":"https:\/\/bronymec.com\/#website","url":"https:\/\/bronymec.com\/","name":"Bronymec","description":"Mecanizado y distribuci\u00f3n de pol\u00edmeros","publisher":{"@id":"https:\/\/bronymec.com\/#organization"},"potentialAction":[{"@type":"SearchAction","target":{"@type":"EntryPoint","urlTemplate":"https:\/\/bronymec.com\/?s={search_term_string}"},"query-input":{"@type":"PropertyValueSpecification","valueRequired":true,"valueName":"search_term_string"}}],"inLanguage":"fr-FR"},{"@type":"Organization","@id":"https:\/\/bronymec.com\/#organization","name":"Bronymec","url":"https:\/\/bronymec.com\/","logo":{"@type":"ImageObject","inLanguage":"fr-FR","@id":"https:\/\/bronymec.com\/#\/schema\/logo\/image\/","url":"https:\/\/bronymec.com\/wp-content\/uploads\/logo-bronymec.png","contentUrl":"https:\/\/bronymec.com\/wp-content\/uploads\/logo-bronymec.png","width":110,"height":66,"caption":"Bronymec"},"image":{"@id":"https:\/\/bronymec.com\/#\/schema\/logo\/image\/"},"sameAs":["https:\/\/www.linkedin.com\/company\/bronymec\/"]}]}},"_links":{"self":[{"href":"https:\/\/bronymec.com\/fr\/wp-json\/wp\/v2\/pages\/6546","targetHints":{"allow":["GET"]}}],"collection":[{"href":"https:\/\/bronymec.com\/fr\/wp-json\/wp\/v2\/pages"}],"about":[{"href":"https:\/\/bronymec.com\/fr\/wp-json\/wp\/v2\/types\/page"}],"author":[{"embeddable":true,"href":"https:\/\/bronymec.com\/fr\/wp-json\/wp\/v2\/users\/1"}],"replies":[{"embeddable":true,"href":"https:\/\/bronymec.com\/fr\/wp-json\/wp\/v2\/comments?post=6546"}],"version-history":[{"count":23,"href":"https:\/\/bronymec.com\/fr\/wp-json\/wp\/v2\/pages\/6546\/revisions"}],"predecessor-version":[{"id":9224,"href":"https:\/\/bronymec.com\/fr\/wp-json\/wp\/v2\/pages\/6546\/revisions\/9224"}],"wp:attachment":[{"href":"https:\/\/bronymec.com\/fr\/wp-json\/wp\/v2\/media?parent=6546"}],"curies":[{"name":"wp","href":"https:\/\/api.w.org\/{rel}","templated":true}]}}