{"id":6605,"date":"2022-01-24T18:11:30","date_gmt":"2022-01-24T17:11:30","guid":{"rendered":"https:\/\/bronymec.com\/plastiques-techniques\/ertalyte-pet-p\/"},"modified":"2024-06-27T10:24:24","modified_gmt":"2024-06-27T08:24:24","slug":"ertalyte-pet-p","status":"publish","type":"page","link":"https:\/\/bronymec.com\/fr\/plastiques-techniques\/ertalyte-pet-p\/","title":{"rendered":"Ertalyte\u00ae &#8211; PET-P"},"content":{"rendered":"<div class=\"wpb-content-wrapper\"><p>[vc_section css=\u00a0\u00bb.vc_custom_1659083565108{background: #52738d url(https:\/\/bronymec.com\/wp-content\/uploads\/Ertalyte-PET-P-ingenieria.jpg?id=5975) !important;background-position: center !important;background-repeat: no-repeat !important;background-size: contain !important;}\u00a0\u00bb el_class=\u00a0\u00bbmask\u00a0\u00bb][vc_row css=\u00a0\u00bb.vc_custom_1643045090039{padding-top: 60px !important;padding-bottom: 50px !important;}\u00a0\u00bb][vc_column width=\u00a0\u00bb1\/6&Prime;][\/vc_column][vc_column width=\u00a0\u00bb2\/3&Prime;][vc_custom_heading text=\u00a0\u00bbPlastiques pour l\u2019ing\u00e9nierie\u00a0\u00bb font_container=\u00a0\u00bbtag:p|font_size:2rem|text_align:center|color:%23ffffff\u00a0\u00bb use_theme_fonts=\u00a0\u00bbyes\u00a0\u00bb css_animation=\u00a0\u00bbfadeInUp\u00a0\u00bb css=\u00a0\u00bb.vc_custom_1665673709248{margin-left: 3px !important;}\u00a0\u00bb el_class=\u00a0\u00bbdelay-1 custom-hd\u00a0\u00bb][vc_empty_space height=\u00a0\u00bb20px\u00a0\u00bb][vc_custom_heading text=\u00a0\u00bbErtalyte\u00ad\u00ae PET-P\u00a0\u00bb font_container=\u00a0\u00bbtag:h1|font_size:3.9rem|text_align:center|color:%23ffffff|line_height:0.9&Prime; use_theme_fonts=\u00a0\u00bbyes\u00a0\u00bb css_animation=\u00a0\u00bbfadeInUp\u00a0\u00bb el_class=\u00a0\u00bbcustom-hd delay-2&Prime;][vc_separator color=\u00a0\u00bbwhite\u00a0\u00bb border_width=\u00a0\u00bb5&Prime; el_width=\u00a0\u00bb10&Prime; css_animation=\u00a0\u00bbfadeInUp\u00a0\u00bb el_class=\u00a0\u00bbdelay-4&Prime; css=\u00a0\u00bb.vc_custom_1540434017521{margin-bottom: 50px !important;padding-top: 15px !important;}\u00a0\u00bb][vc_column_text css_animation=\u00a0\u00bbfadeInUp\u00a0\u00bb css=\u00a0\u00bb.vc_custom_1665673746720{margin-left: 3px !important;}\u00a0\u00bb el_class=\u00a0\u00bbdelay-3&Prime;]<\/p>\n<p style=\"text-align: center;\"><a class=\"button line\" href=\"#formulaire\">Faire une demande<\/a><\/p>\n<p>[\/vc_column_text][\/vc_column][vc_column width=\u00a0\u00bb1\/6&Prime;][\/vc_column][\/vc_row][\/vc_section][vc_section css_animation=\u00a0\u00bbnone\u00a0\u00bb][vc_row][vc_column][vc_widget_sidebar sidebar_id=\u00a0\u00bbsidebar-616032e9d8ac9&Prime;][\/vc_column][\/vc_row][vc_row][vc_column width=\u00a0\u00bb1\/6&Prime;][\/vc_column][vc_column width=\u00a0\u00bb2\/3&Prime;][vc_empty_space height=\u00a0\u00bb60px\u00a0\u00bb][vc_custom_heading text=\u00a0\u00bbPrincipales caract\u00e9ristiques du Ertalyte\u00ae PET-P\u00a0\u00bb font_container=\u00a0\u00bbtag:h3|text_align:center\u00a0\u00bb use_theme_fonts=\u00a0\u00bbyes\u00a0\u00bb][vc_empty_space height=\u00a0\u00bb20px\u00a0\u00bb][vc_column_text]<\/p>\n<p style=\"text-align: justify;\">Ertalyte\u00ae es un poli\u00e9ster termopl\u00e1stico semicristalino sin refuerzo basado en polietilen tereftalato (PET). Las propiedades espec\u00edficas del Ertalyte\u00ae virgen lo hacen especialmente adecuado para la fabricaci\u00f3n de piezas mec\u00e1nicas de precisi\u00f3n, las cuales deben soportar grandes cargas o estar sujetas a desgaste. Este material es un candidato excepcional para piezas utilizadas en la industria del procesado y empaquetado de alimentos.<\/p>\n<ul>\n<li>R\u00e9sistance m\u00e9canique, rigidit\u00e9 et duret\u00e9 \u00e9lev\u00e9es.<\/li>\n<li>Tr\u00e8s bonne r\u00e9sistance au glissement.<\/li>\n<li>Coefficient de friction faible et constant.<\/li>\n<li>Excellente r\u00e9sistance \u00e0 l\u2019usure. Comparable ou sup\u00e9rieur aux nylons.<\/li>\n<li>Tr\u00e8s bonne stabilit\u00e9 dimensionnelle. Am\u00e9lioration du polyac\u00e9tal.<\/li>\n<li>Excellente r\u00e9sistance aux efforts.<\/li>\n<li>Meilleure r\u00e9sistance aux acides que les nylons ou les polyac\u00e9tals.<\/li>\n<li>Bonnes propri\u00e9t\u00e9s comme isolant \u00e9lectrique.<\/li>\n<li>Physiologiquement inerte. Convient au contact avec les aliments.<\/li>\n<li>Bonne r\u00e9sistance aux radiations d\u2019\u00e9nergie \u00e9lev\u00e9e (gamma et rayons X).<\/li>\n<\/ul>\n<p>[\/vc_column_text][vc_single_image image=\u00a0\u00bb5971&Prime; img_size=\u00a0\u00bblarge\u00a0\u00bb alignment=\u00a0\u00bbcenter\u00a0\u00bb][vc_empty_space height=\u00a0\u00bb10px\u00a0\u00bb][\/vc_column][vc_column width=\u00a0\u00bb1\/6&Prime;][\/vc_column][\/vc_row][\/vc_section][vc_section css=\u00a0\u00bb.vc_custom_1642522156140{padding-top: 80px !important;padding-bottom: 30px !important;background-color: #f3f6f9 !important;}\u00a0\u00bb el_class=\u00a0\u00bbgradient3&Prime;][vc_row css_animation=\u00a0\u00bbnone\u00a0\u00bb][vc_column][vc_custom_heading text=\u00a0\u00bbFormules Ertalyte\u00ae PET-P\u00a0\u00bb font_container=\u00a0\u00bbtag:h3|text_align:center\u00a0\u00bb use_theme_fonts=\u00a0\u00bbyes\u00a0\u00bb][vc_empty_space height=\u00a0\u00bb60px\u00a0\u00bb][vc_row_inner][vc_column_inner width=\u00a0\u00bb1\/2&Prime;][vc_toggle title=\u00a0\u00bbERTALYTE\u00ae\u00a0\u00bb]<\/p>\n<p style=\"font-size: 18px;\">Semi-Crystalline PET<\/p>\n<p><a class=\"button line\" style=\"color: #1dc2ef !important; text-transform: none !important; margin-top: -15px !important;\" href=\"https:\/\/www.mcam.com\/mam\/51036\/Bronymec-GEP-Ertalyte\u00ae PET-P_en_US.pdf\" target=\"_blank\" rel=\"noopener\">T\u00e9l\u00e9charger la fiche technique<\/a>[\/vc_toggle][\/vc_column_inner][vc_column_inner width=\u00a0\u00bb1\/2&Prime;][vc_toggle title=\u00a0\u00bbERTALYTE\u00ae TX\u00a0\u00bb]<\/p>\n<p style=\"font-size: 18px;\">Premium, Solid Lubricant Filled PET-P<\/p>\n<p><a class=\"button line\" style=\"color: #1dc2ef !important; text-transform: none !important; margin-top: -15px !important;\" href=\"https:\/\/www.mcam.com\/mam\/51039\/Bronymec-GEP-Ertalyte\u00ae TX PET-P_en_US.pdf\" target=\"_blank\" rel=\"noopener\">T\u00e9l\u00e9charger la fiche technique<\/a>[\/vc_toggle][\/vc_column_inner][\/vc_row_inner][vc_empty_space height=\u00a0\u00bb60px\u00a0\u00bb][\/vc_column][\/vc_row][\/vc_section][vc_section css=\u00a0\u00bb.vc_custom_1665674195801{padding-top: 80px !important;padding-bottom: 80px !important;}\u00a0\u00bb el_id=\u00a0\u00bbformulaire\u00a0\u00bb][vc_row][vc_column][vc_custom_heading text=\u00a0\u00bbCONTACT\u00a0\u00bb font_container=\u00a0\u00bbtag:p|font_size:1rem|text_align:center|color:%23627792&Prime; use_theme_fonts=\u00a0\u00bbyes\u00a0\u00bb el_class=\u00a0\u00bbstyle1&Prime;][vc_empty_space height=\u00a0\u00bb6px\u00a0\u00bb][vc_custom_heading text=\u00a0\u00bbNous choisissons la meilleure option pour chaque application\u00a0\u00bb font_container=\u00a0\u00bbtag:h3|text_align:center\u00a0\u00bb use_theme_fonts=\u00a0\u00bbyes\u00a0\u00bb][vc_empty_space height=\u00a0\u00bb60px\u00a0\u00bb][\/vc_column][\/vc_row][vc_row][vc_column]\n<div class=\"wpcf7 no-js\" id=\"wpcf7-f6640-o1\" lang=\"es-ES\" dir=\"ltr\" data-wpcf7-id=\"6640\">\n<div class=\"screen-reader-response\"><p role=\"status\" aria-live=\"polite\" aria-atomic=\"true\"><\/p> <ul><\/ul><\/div>\n<form action=\"\/fr\/wp-json\/wp\/v2\/pages\/6605#wpcf7-f6640-o1\" method=\"post\" class=\"wpcf7-form init\" aria-label=\"Formulario de contacto\" novalidate=\"novalidate\" data-status=\"init\">\n<fieldset class=\"hidden-fields-container\"><input type=\"hidden\" name=\"_wpcf7\" value=\"6640\" \/><input type=\"hidden\" name=\"_wpcf7_version\" value=\"6.1.5\" \/><input type=\"hidden\" name=\"_wpcf7_locale\" value=\"es_ES\" \/><input type=\"hidden\" name=\"_wpcf7_unit_tag\" value=\"wpcf7-f6640-o1\" \/><input type=\"hidden\" name=\"_wpcf7_container_post\" value=\"0\" \/><input type=\"hidden\" name=\"_wpcf7_posted_data_hash\" value=\"\" \/><input type=\"hidden\" name=\"_wpcf7_recaptcha_response\" value=\"\" \/>\n<\/fieldset>\n<div class=\"contact\">\n\t<div class=\"row\">\n\t\t<div class=\"columns columns-6\">\n\t\t\t<p><label>Nom du contact * <span class=\"wpcf7-form-control-wrap\" data-name=\"nombre\"><input size=\"40\" maxlength=\"400\" class=\"wpcf7-form-control wpcf7-text wpcf7-validates-as-required\" aria-required=\"true\" aria-invalid=\"false\" value=\"\" type=\"text\" name=\"nombre\" \/><\/span><\/label>\n\t\t\t<\/p>\n\t\t<\/div>\n\t\t<div class=\"columns columns-6\">\n\t\t\t<p><label>Entreprise * <span class=\"wpcf7-form-control-wrap\" data-name=\"empresa\"><input size=\"40\" maxlength=\"400\" class=\"wpcf7-form-control wpcf7-text wpcf7-validates-as-required\" aria-required=\"true\" aria-invalid=\"false\" value=\"\" type=\"text\" name=\"empresa\" \/><\/span><\/label>\n\t\t\t<\/p>\n\t\t<\/div>\n\t<\/div>\n\t<div class=\"row\">\n\t\t<div class=\"columns columns-6\">\n\t\t\t<p><label>E-mail * <span class=\"wpcf7-form-control-wrap\" data-name=\"email\"><input size=\"40\" maxlength=\"400\" class=\"wpcf7-form-control wpcf7-email wpcf7-validates-as-required wpcf7-text wpcf7-validates-as-email\" aria-required=\"true\" aria-invalid=\"false\" value=\"\" type=\"email\" name=\"email\" \/><\/span><\/label>\n\t\t\t<\/p>\n\t\t<\/div>\n\t\t<div class=\"columns columns-6\">\n\t\t\t<p><label>Num\u00e9ro de t\u00e9l\u00e9phone <span class=\"wpcf7-form-control-wrap\" data-name=\"telefono\"><input size=\"40\" maxlength=\"400\" class=\"wpcf7-form-control wpcf7-tel wpcf7-text wpcf7-validates-as-tel\" aria-invalid=\"false\" value=\"\" type=\"tel\" name=\"telefono\" \/><\/span><\/label>\n\t\t\t<\/p>\n\t\t<\/div>\n\t<\/div>\n\t<div class=\"row\">\n\t\t<div class=\"columns columns-12\">\n\t\t\t<p><label>Sur quel service porte votre demande ? * <span class=\"wpcf7-form-control-wrap\" data-name=\"servicio\"><select class=\"wpcf7-form-control wpcf7-select wpcf7-validates-as-required\" aria-required=\"true\" aria-invalid=\"false\" name=\"servicio\"><option value=\"S\u00e9lectionnez un service\">S\u00e9lectionnez un service<\/option><option value=\"Conseils sur les mati\u00e8res plastiques\">Conseils sur les mati\u00e8res plastiques<\/option><option value=\"La fabrication additive\">La fabrication additive<\/option><option value=\"Usinage\">Usinage<\/option><option value=\"Ing\u00e9nierie - Luma Service\">Ing\u00e9nierie - Luma Service<\/option><option value=\"Autre\">Autre<\/option><\/select><\/span><\/label>\n\t\t\t<\/p>\n\t\t<\/div>\n\t<\/div>\n\t<div class=\"row\">\n\t\t<div class=\"columns columns-12\">\n\t\t\t<p><label>Dites nous comment nous pouvons vous aider * <span class=\"wpcf7-form-control-wrap\" data-name=\"mensaje\"><textarea cols=\"40\" rows=\"10\" maxlength=\"2000\" class=\"wpcf7-form-control wpcf7-textarea wpcf7-validates-as-required\" aria-required=\"true\" aria-invalid=\"false\" name=\"mensaje\"><\/textarea><\/span><\/label>\n\t\t\t<\/p>\n\t\t<\/div>\n\t<\/div>\n\t<div class=\"row\">\n\t\t<div class=\"columns columns-12\">\n\t\t\t<p><span class=\"wpcf7-form-control-wrap\" data-name=\"lopd\"><span class=\"wpcf7-form-control wpcf7-acceptance\"><span class=\"wpcf7-list-item\"><label><input type=\"checkbox\" name=\"lopd\" value=\"1\" aria-invalid=\"false\" \/><span class=\"wpcf7-list-item-label\">J'accepte la <a href=\"\/fr\/politique-confidentialite\/\" target=\"_blank\" rel=\"nofollow\">politique de confidentialit\u00e9<\/a> de Bronymec.<\/span><\/label><\/span><\/span><\/span>\n\t\t\t<\/p>\n\t\t<\/div>\n\t<\/div>\n\t<div class=\"row\">\n\t\t<div class=\"columns columns-12\">\n\t\t\t<p><input class=\"wpcf7-form-control wpcf7-submit has-spinner primary\" type=\"submit\" value=\"Envoyer\" \/>\n\t\t\t<\/p>\n\t\t<\/div>\n\t<\/div>\n<\/div><div class=\"wpcf7-response-output\" aria-hidden=\"true\"><\/div>\n<\/form>\n<\/div>\n[\/vc_column][\/vc_row][\/vc_section]<\/p>\n<\/div>","protected":false},"excerpt":{"rendered":"<p>[vc_section css=\u00a0\u00bb.vc_custom_1659083565108{background: #52738d url(https:\/\/bronymec.com\/wp-content\/uploads\/Ertalyte-PET-P-ingenieria.jpg?id=5975) !important;background-position: center !important;background-repeat: no-repeat !important;background-size: contain !important;}\u00a0\u00bb el_class=\u00a0\u00bbmask\u00a0\u00bb][vc_row css=\u00a0\u00bb.vc_custom_1643045090039{padding-top: 60px !important;padding-bottom: 50px !important;}\u00a0\u00bb][vc_column width=\u00a0\u00bb1\/6&Prime;][\/vc_column][vc_column width=\u00a0\u00bb2\/3&Prime;][vc_custom_heading text=\u00a0\u00bbPlastiques pour l\u2019ing\u00e9nierie\u00a0\u00bb font_container=\u00a0\u00bbtag:p|font_size:2rem|text_align:center|color:%23ffffff\u00a0\u00bb use_theme_fonts=\u00a0\u00bbyes\u00a0\u00bb css_animation=\u00a0\u00bbfadeInUp\u00a0\u00bb css=\u00a0\u00bb.vc_custom_1665673709248{margin-left: 3px !important;}\u00a0\u00bb el_class=\u00a0\u00bbdelay-1 custom-hd\u00a0\u00bb][vc_empty_space height=\u00a0\u00bb20px\u00a0\u00bb][vc_custom_heading text=\u00a0\u00bbErtalyte\u00ad\u00ae PET-P\u00a0\u00bb font_container=\u00a0\u00bbtag:h1|font_size:3.9rem|text_align:center|color:%23ffffff|line_height:0.9&Prime; use_theme_fonts=\u00a0\u00bbyes\u00a0\u00bb css_animation=\u00a0\u00bbfadeInUp\u00a0\u00bb el_class=\u00a0\u00bbcustom-hd delay-2&Prime;][vc_separator color=\u00a0\u00bbwhite\u00a0\u00bb border_width=\u00a0\u00bb5&Prime; el_width=\u00a0\u00bb10&Prime; css_animation=\u00a0\u00bbfadeInUp\u00a0\u00bb el_class=\u00a0\u00bbdelay-4&Prime; css=\u00a0\u00bb.vc_custom_1540434017521{margin-bottom: 50px !important;padding-top: 15px !important;}\u00a0\u00bb][vc_column_text css_animation=\u00a0\u00bbfadeInUp\u00a0\u00bb css=\u00a0\u00bb.vc_custom_1665673746720{margin-left: 3px !important;}\u00a0\u00bb el_class=\u00a0\u00bbdelay-3&Prime;] Faire une [&hellip;]<\/p>\n","protected":false},"author":1,"featured_media":0,"parent":6554,"menu_order":11,"comment_status":"closed","ping_status":"closed","template":"tmpl\/template-fullwidth.php","meta":{"_acf_changed":false,"content-type":"","footnotes":""},"class_list":["post-6605","page","type-page","status-publish","hentry"],"acf":[],"yoast_head":"<!-- This site is optimized with the Yoast SEO plugin v27.4 - https:\/\/yoast.com\/product\/yoast-seo-wordpress\/ -->\n<title>Ertalyte\u00ae PET-P - Polym\u00e8res pour l\u2019Ing\u00e9nierie<\/title>\n<meta name=\"description\" content=\"Usinage de pi\u00e8ces en polym\u00e8res avanc\u00e9s, Ertalyte\u00ae (PET-P). Stock propre et service d&#039;ing\u00e9nierie\" \/>\n<meta name=\"robots\" content=\"index, follow, max-snippet:-1, max-image-preview:large, max-video-preview:-1\" \/>\n<link rel=\"canonical\" href=\"https:\/\/bronymec.com\/fr\/plastiques-techniques\/ertalyte-pet-p\/\" \/>\n<meta property=\"og:locale\" content=\"fr_FR\" \/>\n<meta property=\"og:type\" content=\"article\" \/>\n<meta property=\"og:title\" content=\"Ertalyte\u00ae PET-P - Polym\u00e8res pour l\u2019Ing\u00e9nierie\" \/>\n<meta property=\"og:description\" content=\"Usinage de pi\u00e8ces en polym\u00e8res avanc\u00e9s, Ertalyte\u00ae (PET-P). Stock propre et service d&#039;ing\u00e9nierie\" \/>\n<meta property=\"og:url\" content=\"https:\/\/bronymec.com\/fr\/plastiques-techniques\/ertalyte-pet-p\/\" \/>\n<meta property=\"og:site_name\" content=\"Bronymec\" \/>\n<meta property=\"article:modified_time\" content=\"2024-06-27T08:24:24+00:00\" \/>\n<meta property=\"og:image\" content=\"https:\/\/bronymec.com\/wp-content\/uploads\/Ertalyte-PET-P.jpg\" \/>\n\t<meta property=\"og:image:width\" content=\"640\" \/>\n\t<meta property=\"og:image:height\" content=\"400\" \/>\n\t<meta property=\"og:image:type\" content=\"image\/jpeg\" \/>\n<meta name=\"twitter:card\" content=\"summary_large_image\" \/>\n<meta name=\"twitter:image\" content=\"https:\/\/bronymec.com\/wp-content\/uploads\/Ertalyte-PET-P.jpg\" \/>\n<meta name=\"twitter:label1\" content=\"Dur\u00e9e de lecture estim\u00e9e\" \/>\n\t<meta name=\"twitter:data1\" content=\"2 minutes\" \/>\n<script type=\"application\/ld+json\" class=\"yoast-schema-graph\">{\"@context\":\"https:\\\/\\\/schema.org\",\"@graph\":[{\"@type\":\"WebPage\",\"@id\":\"https:\\\/\\\/bronymec.com\\\/fr\\\/plastiques-techniques\\\/ertalyte-pet-p\\\/\",\"url\":\"https:\\\/\\\/bronymec.com\\\/fr\\\/plastiques-techniques\\\/ertalyte-pet-p\\\/\",\"name\":\"Ertalyte\u00ae PET-P - Polym\u00e8res pour l\u2019Ing\u00e9nierie\",\"isPartOf\":{\"@id\":\"https:\\\/\\\/bronymec.com\\\/#website\"},\"datePublished\":\"2022-01-24T17:11:30+00:00\",\"dateModified\":\"2024-06-27T08:24:24+00:00\",\"description\":\"Usinage de pi\u00e8ces en polym\u00e8res avanc\u00e9s, Ertalyte\u00ae (PET-P). Stock propre et service d'ing\u00e9nierie\",\"breadcrumb\":{\"@id\":\"https:\\\/\\\/bronymec.com\\\/fr\\\/plastiques-techniques\\\/ertalyte-pet-p\\\/#breadcrumb\"},\"inLanguage\":\"fr-FR\",\"potentialAction\":[{\"@type\":\"ReadAction\",\"target\":[\"https:\\\/\\\/bronymec.com\\\/fr\\\/plastiques-techniques\\\/ertalyte-pet-p\\\/\"]}]},{\"@type\":\"BreadcrumbList\",\"@id\":\"https:\\\/\\\/bronymec.com\\\/fr\\\/plastiques-techniques\\\/ertalyte-pet-p\\\/#breadcrumb\",\"itemListElement\":[{\"@type\":\"ListItem\",\"position\":1,\"name\":\"Portada\",\"item\":\"https:\\\/\\\/bronymec.com\\\/fr\\\/\"},{\"@type\":\"ListItem\",\"position\":2,\"name\":\"Plastiques Techniques\",\"item\":\"https:\\\/\\\/bronymec.com\\\/fr\\\/plastiques-techniques\\\/\"},{\"@type\":\"ListItem\",\"position\":3,\"name\":\"Ertalyte\u00ae &#8211; PET-P\"}]},{\"@type\":\"WebSite\",\"@id\":\"https:\\\/\\\/bronymec.com\\\/#website\",\"url\":\"https:\\\/\\\/bronymec.com\\\/\",\"name\":\"Bronymec\",\"description\":\"Mecanizado y distribuci\u00f3n de pol\u00edmeros\",\"publisher\":{\"@id\":\"https:\\\/\\\/bronymec.com\\\/#organization\"},\"potentialAction\":[{\"@type\":\"SearchAction\",\"target\":{\"@type\":\"EntryPoint\",\"urlTemplate\":\"https:\\\/\\\/bronymec.com\\\/?s={search_term_string}\"},\"query-input\":{\"@type\":\"PropertyValueSpecification\",\"valueRequired\":true,\"valueName\":\"search_term_string\"}}],\"inLanguage\":\"fr-FR\"},{\"@type\":\"Organization\",\"@id\":\"https:\\\/\\\/bronymec.com\\\/#organization\",\"name\":\"Bronymec\",\"url\":\"https:\\\/\\\/bronymec.com\\\/\",\"logo\":{\"@type\":\"ImageObject\",\"inLanguage\":\"fr-FR\",\"@id\":\"https:\\\/\\\/bronymec.com\\\/#\\\/schema\\\/logo\\\/image\\\/\",\"url\":\"https:\\\/\\\/bronymec.com\\\/wp-content\\\/uploads\\\/logo-bronymec.png\",\"contentUrl\":\"https:\\\/\\\/bronymec.com\\\/wp-content\\\/uploads\\\/logo-bronymec.png\",\"width\":110,\"height\":66,\"caption\":\"Bronymec\"},\"image\":{\"@id\":\"https:\\\/\\\/bronymec.com\\\/#\\\/schema\\\/logo\\\/image\\\/\"},\"sameAs\":[\"https:\\\/\\\/www.linkedin.com\\\/company\\\/bronymec\\\/\"]}]}<\/script>\n<!-- \/ Yoast SEO plugin. -->","yoast_head_json":{"title":"Ertalyte\u00ae PET-P - Polym\u00e8res pour l\u2019Ing\u00e9nierie","description":"Usinage de pi\u00e8ces en polym\u00e8res avanc\u00e9s, Ertalyte\u00ae (PET-P). Stock propre et service d'ing\u00e9nierie","robots":{"index":"index","follow":"follow","max-snippet":"max-snippet:-1","max-image-preview":"max-image-preview:large","max-video-preview":"max-video-preview:-1"},"canonical":"https:\/\/bronymec.com\/fr\/plastiques-techniques\/ertalyte-pet-p\/","og_locale":"fr_FR","og_type":"article","og_title":"Ertalyte\u00ae PET-P - Polym\u00e8res pour l\u2019Ing\u00e9nierie","og_description":"Usinage de pi\u00e8ces en polym\u00e8res avanc\u00e9s, Ertalyte\u00ae (PET-P). Stock propre et service d'ing\u00e9nierie","og_url":"https:\/\/bronymec.com\/fr\/plastiques-techniques\/ertalyte-pet-p\/","og_site_name":"Bronymec","article_modified_time":"2024-06-27T08:24:24+00:00","og_image":[{"width":640,"height":400,"url":"https:\/\/bronymec.com\/wp-content\/uploads\/Ertalyte-PET-P.jpg","type":"image\/jpeg"}],"twitter_card":"summary_large_image","twitter_image":"https:\/\/bronymec.com\/wp-content\/uploads\/Ertalyte-PET-P.jpg","twitter_misc":{"Dur\u00e9e de lecture estim\u00e9e":"2 minutes"},"schema":{"@context":"https:\/\/schema.org","@graph":[{"@type":"WebPage","@id":"https:\/\/bronymec.com\/fr\/plastiques-techniques\/ertalyte-pet-p\/","url":"https:\/\/bronymec.com\/fr\/plastiques-techniques\/ertalyte-pet-p\/","name":"Ertalyte\u00ae PET-P - Polym\u00e8res pour l\u2019Ing\u00e9nierie","isPartOf":{"@id":"https:\/\/bronymec.com\/#website"},"datePublished":"2022-01-24T17:11:30+00:00","dateModified":"2024-06-27T08:24:24+00:00","description":"Usinage de pi\u00e8ces en polym\u00e8res avanc\u00e9s, Ertalyte\u00ae (PET-P). Stock propre et service d'ing\u00e9nierie","breadcrumb":{"@id":"https:\/\/bronymec.com\/fr\/plastiques-techniques\/ertalyte-pet-p\/#breadcrumb"},"inLanguage":"fr-FR","potentialAction":[{"@type":"ReadAction","target":["https:\/\/bronymec.com\/fr\/plastiques-techniques\/ertalyte-pet-p\/"]}]},{"@type":"BreadcrumbList","@id":"https:\/\/bronymec.com\/fr\/plastiques-techniques\/ertalyte-pet-p\/#breadcrumb","itemListElement":[{"@type":"ListItem","position":1,"name":"Portada","item":"https:\/\/bronymec.com\/fr\/"},{"@type":"ListItem","position":2,"name":"Plastiques Techniques","item":"https:\/\/bronymec.com\/fr\/plastiques-techniques\/"},{"@type":"ListItem","position":3,"name":"Ertalyte\u00ae &#8211; PET-P"}]},{"@type":"WebSite","@id":"https:\/\/bronymec.com\/#website","url":"https:\/\/bronymec.com\/","name":"Bronymec","description":"Mecanizado y distribuci\u00f3n de pol\u00edmeros","publisher":{"@id":"https:\/\/bronymec.com\/#organization"},"potentialAction":[{"@type":"SearchAction","target":{"@type":"EntryPoint","urlTemplate":"https:\/\/bronymec.com\/?s={search_term_string}"},"query-input":{"@type":"PropertyValueSpecification","valueRequired":true,"valueName":"search_term_string"}}],"inLanguage":"fr-FR"},{"@type":"Organization","@id":"https:\/\/bronymec.com\/#organization","name":"Bronymec","url":"https:\/\/bronymec.com\/","logo":{"@type":"ImageObject","inLanguage":"fr-FR","@id":"https:\/\/bronymec.com\/#\/schema\/logo\/image\/","url":"https:\/\/bronymec.com\/wp-content\/uploads\/logo-bronymec.png","contentUrl":"https:\/\/bronymec.com\/wp-content\/uploads\/logo-bronymec.png","width":110,"height":66,"caption":"Bronymec"},"image":{"@id":"https:\/\/bronymec.com\/#\/schema\/logo\/image\/"},"sameAs":["https:\/\/www.linkedin.com\/company\/bronymec\/"]}]}},"_links":{"self":[{"href":"https:\/\/bronymec.com\/fr\/wp-json\/wp\/v2\/pages\/6605","targetHints":{"allow":["GET"]}}],"collection":[{"href":"https:\/\/bronymec.com\/fr\/wp-json\/wp\/v2\/pages"}],"about":[{"href":"https:\/\/bronymec.com\/fr\/wp-json\/wp\/v2\/types\/page"}],"author":[{"embeddable":true,"href":"https:\/\/bronymec.com\/fr\/wp-json\/wp\/v2\/users\/1"}],"replies":[{"embeddable":true,"href":"https:\/\/bronymec.com\/fr\/wp-json\/wp\/v2\/comments?post=6605"}],"version-history":[{"count":9,"href":"https:\/\/bronymec.com\/fr\/wp-json\/wp\/v2\/pages\/6605\/revisions"}],"predecessor-version":[{"id":8297,"href":"https:\/\/bronymec.com\/fr\/wp-json\/wp\/v2\/pages\/6605\/revisions\/8297"}],"up":[{"embeddable":true,"href":"https:\/\/bronymec.com\/fr\/wp-json\/wp\/v2\/pages\/6554"}],"wp:attachment":[{"href":"https:\/\/bronymec.com\/fr\/wp-json\/wp\/v2\/media?parent=6605"}],"curies":[{"name":"wp","href":"https:\/\/api.w.org\/{rel}","templated":true}]}}