{"id":7140,"date":"2022-08-10T13:53:10","date_gmt":"2022-08-10T11:53:10","guid":{"rendered":"https:\/\/bronymec.com\/politica-privacidad\/"},"modified":"2022-10-14T12:43:41","modified_gmt":"2022-10-14T10:43:41","slug":"politique-confidentialite","status":"publish","type":"page","link":"https:\/\/bronymec.com\/fr\/politique-confidentialite\/","title":{"rendered":"Politique de confidentialit\u00e9"},"content":{"rendered":"<div class=\"wpb-content-wrapper\"><p>[vc_row][vc_column][vc_column_text]<\/p>\n<h4>1. Pr\u00e9sentation<\/h4>\n<p>Conform\u00e9ment \u00e0 la r\u00e9glementation en vigueur sur la protection des donn\u00e9es personnelles, avec une r\u00e9f\u00e9rence particuli\u00e8re au r\u00e8glement UE 2016\/679 du Parlement europ\u00e9en et du Conseil du 27 avril 2016 relatif \u00e0 la protection des personnes physiques \u00e0 l&rsquo;\u00e9gard du traitement des donn\u00e9es personnelles et \u00e0 la libre circulation de ces donn\u00e9es (\u00ab RGPD \u00bb) et \u00e0 la loi organique 3\/2018, du 5 d\u00e9cembre, sur la protection des donn\u00e9es personnelles et la garantie des droits num\u00e9riques (\u00ab LOPDP \u00bb), les utilisateurs sont inform\u00e9s que les donn\u00e9es personnelles fournies par e-mail , envoy\u00e9s via des formulaires ou par tout autre moyen situ\u00e9 sur ce site Web seront int\u00e9gr\u00e9s dans les syst\u00e8mes de traitement de donn\u00e9es de Bronymec, S.A., responsable du traitement des donn\u00e9es (NIF : A20520250), afin de r\u00e9pondre aux requ\u00eates et demandes re\u00e7ues, y compris celles li\u00e9es \u00e0 la sant\u00e9 de personnes, vous contacter, g\u00e9rer les services demand\u00e9s, les relations professionnelles et commerciales et les fonctions et int\u00e9r\u00eats l\u00e9gitimes de son activit\u00e9, ainsi que pour l&rsquo;envoi des newsletters et actualit\u00e9s auxquelles il a pu s&rsquo;abonner et pour l&rsquo;envoi de communications professionnelles et commerciales futures susceptibles de l&rsquo;int\u00e9resser.<\/p>\n<p>L&rsquo;acceptation de cette politique de confidentialit\u00e9 implique n\u00e9cessairement le consentement expr\u00e8s pour le traitement des donn\u00e9es d\u00e9crites, qui peuvent \u00eatre conserv\u00e9es sans limitation de temps aux fins d\u00e9crites au paragraphe pr\u00e9c\u00e9dent, sauf indication contraire de votre part.<\/p>\n<p>Les bases juridiques du traitement des donn\u00e9es d\u00e9crites sont, dans les termes \u00e9tablis par la r\u00e9glementation sur la protection des donn\u00e9es, votre consentement au traitement des donn\u00e9es, la n\u00e9cessit\u00e9 de traiter vos donn\u00e9es pour l&rsquo;ex\u00e9cution de services de m\u00e9decine naturelle et de th\u00e9rapies donn\u00e9es corporelles demand\u00e9es par vous , le respect des obligations l\u00e9gales par le Responsable du traitement et\/ou l&rsquo;int\u00e9r\u00eat l\u00e9gitime du Responsable du traitement, par exemple, afin de vous envoyer des communications professionnelles ou informatives.<\/p>\n<p>Le traitement de vos donn\u00e9es personnelles sera effectu\u00e9 de mani\u00e8re confidentielle. Bronymec, S.A. s&rsquo;engage \u00e0 respecter la confidentialit\u00e9 et la protection des donn\u00e9es personnelles des utilisateurs et utilise ses ressources pour garantir la s\u00e9curit\u00e9 et la confidentialit\u00e9 des parties int\u00e9ress\u00e9es.[\/vc_column_text][vc_column_text]<\/p>\n<h4>2. Collecte de donn\u00e9es personnelles<\/h4>\n<p>Le responsable du traitement n&rsquo;exige pas que vous fournissiez des donn\u00e9es personnelles pour acc\u00e9der au site Web, cependant, sur le site Web, il existe des formulaires de contact dont l&rsquo;utilisation n\u00e9cessite que l&rsquo;utilisateur fournisse des donn\u00e9es personnelles, principalement des donn\u00e9es d&rsquo;identification et\/ou de contact.<\/p>\n<p>L&rsquo;utilisateur fournit ses donn\u00e9es personnelles librement et volontairement. Bronymec, S.A. ne demande pas plus d&rsquo;informations personnelles que n\u00e9cessaire pour ex\u00e9cuter le service demand\u00e9.<\/p>\n<p>L&rsquo;utilisateur est seul responsable de la v\u00e9racit\u00e9, de l&rsquo;exactitude et du traitement l\u00e9gitime des donn\u00e9es incluses, exon\u00e9rant Bronymec, S.A. de toute responsabilit\u00e9 \u00e0 cet \u00e9gard. Les utilisateurs garantissent et sont responsables, dans tous les cas, de l&rsquo;exactitude, de la validit\u00e9 et de l&rsquo;authenticit\u00e9 des donn\u00e9es personnelles fournies, et s&rsquo;engagent \u00e0 les tenir d\u00fbment mises \u00e0 jour.<\/p>\n<p>Le Responsable du traitement collectera les donn\u00e9es personnelles de mani\u00e8re appropri\u00e9e, pertinente au regard des finalit\u00e9s, utilit\u00e9s, services et\/ou fonctionnalit\u00e9s inclus sur son site Internet, de mani\u00e8re sp\u00e9cifique, explicite et l\u00e9gitime, de sorte qu&rsquo;en aucun cas, des informations frauduleuses, d\u00e9loyales ou illicites ou qui mettent en danger de quelque mani\u00e8re que ce soit les droits l\u00e9gitimes des utilisateurs.<\/p>\n<p>L&rsquo;envoi d&rsquo;informations via ce site Web implique n\u00e9cessairement l&rsquo;autorisation expresse du traitement des donn\u00e9es d\u00e9crit dans la pr\u00e9sente politique de confidentialit\u00e9 et dans les conditions g\u00e9n\u00e9rales du site Web.[\/vc_column_text][vc_column_text]<\/p>\n<h4>3. Inscriptions et abonnements<\/h4>\n<p>En cas d&rsquo;abonnement \u00e0 des newsletters, les utilisateurs peuvent demander \u00e0 se d\u00e9sabonner desdits services au moment qu&rsquo;ils souhaitent en envoyant une demande \u00e0 l&rsquo;adresse e-mail info@bronymec.com ou en utilisant tout autre moyen que le responsable du traitement facilite \u00e0 cet effet, tel comme le m\u00e9canisme appel\u00e9 \u00ab\u00a0D\u00e9sabonnement\u00a0\u00bb, situ\u00e9 \u00e0 la fin des newsletters elles-m\u00eames.[\/vc_column_text][vc_column_text]<\/p>\n<h4>4. CV<\/h4>\n<p>L&rsquo;utilisateur qui fournit son curriculum vitae via ce site Web, des formulaires, des e-mails ou des m\u00e9canismes similaires, donne son consentement expr\u00e8s pour l&rsquo;inclusion de ses donn\u00e9es dans le traitement de donn\u00e9es appel\u00e9 \u00ab\u00a0Administration\u00a0\u00bb. Vos donn\u00e9es peuvent \u00eatre utilis\u00e9es dans le but de vous faire participer aux futurs processus de s\u00e9lection du personnel de l&rsquo;entreprise.[\/vc_column_text][vc_column_text]<\/p>\n<h4>5. Droits des parties int\u00e9ress\u00e9es<\/h4>\n<p>Vous pouvez exercer vos droits d&rsquo;acc\u00e8s, de rectification, de suppression, de limitation au traitement, de portabilit\u00e9 et d&rsquo;opposition, ainsi que retirer votre consentement ou formuler toute autre demande \u00e0 ce sujet en \u00e9crivant au responsable du traitement, Bronymec, S.A., \u00e0 P.I. Arriaga, c\/Ferrer\u00edas 4, 20870 Elgoibar (Gipuzkoa), teph. 943 74 28 07, ou via l&rsquo;adresse e-mail info@bronymec.com.<\/p>\n<p>La demande doit inclure une copie de la pi\u00e8ce d&rsquo;identit\u00e9 du demandeur (DNI ou similaire). En cas de demande en votre qualit\u00e9 de repr\u00e9sentant l\u00e9gal, vous devez joindre, en plus de la copie du document prouvant l&rsquo;identit\u00e9 du demandeur, un document prouvant cette repr\u00e9sentation. L&rsquo;autorit\u00e9 de contr\u00f4le \u00e0 laquelle vous pouvez vous adresser si vous n&rsquo;\u00eates pas d&rsquo;accord avec la r\u00e9solution des demandes ou pour d\u00e9poser une r\u00e9clamation est l&rsquo;Agence espagnole de protection des donn\u00e9es : www.aepd.es[\/vc_column_text][vc_column_text]<\/p>\n<h4>6. Mesures de s\u00e9curit\u00e9<\/h4>\n<p>Bronymec, S.A. traitera les donn\u00e9es personnelles contenues dans son traitement de donn\u00e9es, en adoptant les mesures techniques et organisationnelles n\u00e9cessaires pour garantir sa s\u00e9curit\u00e9 et emp\u00eacher son alt\u00e9ration, perte, traitement ou acc\u00e8s non autoris\u00e9, en tenant compte de l&rsquo;\u00e9tat de la technologie, de la nature des donn\u00e9es stock\u00e9es donn\u00e9es et les risques auxquels elles sont expos\u00e9es, qu&rsquo;ils proviennent de l&rsquo;action humaine ou de l&rsquo;environnement physique ou naturel, conform\u00e9ment \u00e0 la l\u00e9gislation en vigueur applicable en mati\u00e8re de mesures de s\u00e9curit\u00e9 pour le traitement des donn\u00e9es personnelles. Cependant, les utilisateurs sont inform\u00e9s que les mesures de s\u00e9curit\u00e9 informatique ne sont pas imprenables et ne sont pas \u00e0 l&rsquo;abri d&rsquo;\u00e9ventuelles ing\u00e9rences ill\u00e9gales et abusives, qui ne seraient pas de la responsabilit\u00e9 de Bronymec, S.A.[\/vc_column_text][vc_column_text]<\/p>\n<h4>7. Liens vers les r\u00e9seaux sociaux et les canaux Web<\/h4>\n<p>Ce site Web peut proposer des liens vers des r\u00e9seaux sociaux et des sites et canaux Web externes, tels que LinkedIn, entre autres. Bronymec, S.A. n&rsquo;assume aucune responsabilit\u00e9 en rapport avec ces sites li\u00e9s. L&rsquo;utilisateur qui acc\u00e8de aux r\u00e9seaux sociaux et aux sites Web et canaux externes li\u00e9s \u00e0 Bronymec, S.A., \u00e0 partir des liens situ\u00e9s sur ce site Web ou de toute autre mani\u00e8re, est pr\u00e9alablement et express\u00e9ment inform\u00e9 que les conditions d&rsquo;utilisation, les politiques de confidentialit\u00e9 , les politiques de cookies et toutes les conditions et\/ou r\u00e9glementations d\u00e9pendent des entit\u00e9s responsables desdits r\u00e9seaux sociaux et sites et canaux, et jamais de Bronymec, S.A.[\/vc_column_text][vc_column_text]<\/p>\n<h4>8. Validit\u00e9<\/h4>\n<p>Bronymec, S.A. se r\u00e9serve le droit de modifier sa politique de confidentialit\u00e9 en fonction de ses crit\u00e8res, des \u00e9volutions l\u00e9gislatives ou jurisprudentielles. Si le responsable du traitement introduit une modification, le nouveau texte sera publi\u00e9 sur ce m\u00eame site Web, o\u00f9 l&rsquo;utilisateur pourra en avoir connaissance. Dans tous les cas, la relation avec les utilisateurs sera r\u00e9gie par les r\u00e8gles \u00e9tablies au moment pr\u00e9cis de l&rsquo;acc\u00e8s au site Web. C&rsquo;est pourquoi le responsable du traitement vous recommande de consulter cette politique de confidentialit\u00e9 chaque fois que vous vous connectez au site Web.[\/vc_column_text][vc_column_text]<\/p>\n<h4>9. Juridiction<\/h4>\n<p>Les relations \u00e9tablies entre Bronymec, S.A. et l&rsquo;utilisateur sera r\u00e9gi par les dispositions de la r\u00e9glementation en vigueur concernant la l\u00e9gislation applicable et la juridiction comp\u00e9tente. Toutefois, pour les cas o\u00f9 la r\u00e9glementation pr\u00e9voit la possibilit\u00e9 pour les parties de se soumettre \u00e0 une juridiction, Bronymec, S.A. et l&rsquo;utilisateur, renon\u00e7ant express\u00e9ment \u00e0 toute autre juridiction qui pourrait leur correspondre, se soumet aux Cours et Tribunaux d&rsquo;Eibar (Gipuzkoa).<\/p>\n<p>Bronymec, S.A. poursuivra la violation de cette politique de confidentialit\u00e9 ainsi que toute utilisation abusive des contenus pr\u00e9sent\u00e9s sur ce site Web, en exer\u00e7ant toutes les actions civiles et p\u00e9nales pouvant correspondre \u00e0 la loi, y compris celles de nature \u00e9conomique.[\/vc_column_text][vc_empty_space][\/vc_column][\/vc_row]<\/p>\n<\/div>","protected":false},"excerpt":{"rendered":"<p>[vc_row][vc_column][vc_column_text] 1. Pr\u00e9sentation Conform\u00e9ment \u00e0 la r\u00e9glementation en vigueur sur la protection des donn\u00e9es personnelles, avec une r\u00e9f\u00e9rence particuli\u00e8re au r\u00e8glement UE 2016\/679 du Parlement europ\u00e9en et du Conseil du 27 avril 2016 relatif \u00e0 la protection des personnes physiques \u00e0 l&rsquo;\u00e9gard du traitement des donn\u00e9es personnelles et \u00e0 la libre circulation de ces donn\u00e9es [&hellip;]<\/p>\n","protected":false},"author":1,"featured_media":0,"parent":0,"menu_order":99,"comment_status":"closed","ping_status":"closed","template":"","meta":{"_acf_changed":false,"content-type":"","footnotes":""},"class_list":["post-7140","page","type-page","status-publish","hentry"],"acf":[],"yoast_head":"<!-- This site is optimized with the Yoast SEO plugin v27.5 - https:\/\/yoast.com\/product\/yoast-seo-wordpress\/ -->\n<title>Politique de confidentialit\u00e9 - Bronymec<\/title>\n<meta name=\"robots\" content=\"noindex, nofollow\" \/>\n<meta property=\"og:locale\" content=\"fr_FR\" \/>\n<meta property=\"og:type\" content=\"article\" \/>\n<meta property=\"og:title\" content=\"Politique de confidentialit\u00e9 - Bronymec\" \/>\n<meta property=\"og:description\" content=\"[vc_row][vc_column][vc_column_text] 1. Pr\u00e9sentation Conform\u00e9ment \u00e0 la r\u00e9glementation en vigueur sur la protection des donn\u00e9es personnelles, avec une r\u00e9f\u00e9rence particuli\u00e8re au r\u00e8glement UE 2016\/679 du Parlement europ\u00e9en et du Conseil du 27 avril 2016 relatif \u00e0 la protection des personnes physiques \u00e0 l&rsquo;\u00e9gard du traitement des donn\u00e9es personnelles et \u00e0 la libre circulation de ces donn\u00e9es [&hellip;]\" \/>\n<meta property=\"og:url\" content=\"https:\/\/bronymec.com\/fr\/politique-confidentialite\/\" \/>\n<meta property=\"og:site_name\" content=\"Bronymec\" \/>\n<meta property=\"article:modified_time\" content=\"2022-10-14T10:43:41+00:00\" \/>\n<meta name=\"twitter:card\" content=\"summary_large_image\" \/>\n<meta name=\"twitter:label1\" content=\"Dur\u00e9e de lecture estim\u00e9e\" \/>\n\t<meta name=\"twitter:data1\" content=\"6 minutes\" \/>\n<script type=\"application\/ld+json\" class=\"yoast-schema-graph\">{\"@context\":\"https:\\\/\\\/schema.org\",\"@graph\":[{\"@type\":\"WebPage\",\"@id\":\"https:\\\/\\\/bronymec.com\\\/fr\\\/politique-confidentialite\\\/\",\"url\":\"https:\\\/\\\/bronymec.com\\\/fr\\\/politique-confidentialite\\\/\",\"name\":\"Politique de confidentialit\u00e9 - Bronymec\",\"isPartOf\":{\"@id\":\"https:\\\/\\\/bronymec.com\\\/#website\"},\"datePublished\":\"2022-08-10T11:53:10+00:00\",\"dateModified\":\"2022-10-14T10:43:41+00:00\",\"breadcrumb\":{\"@id\":\"https:\\\/\\\/bronymec.com\\\/fr\\\/politique-confidentialite\\\/#breadcrumb\"},\"inLanguage\":\"fr-FR\",\"potentialAction\":[{\"@type\":\"ReadAction\",\"target\":[\"https:\\\/\\\/bronymec.com\\\/fr\\\/politique-confidentialite\\\/\"]}]},{\"@type\":\"BreadcrumbList\",\"@id\":\"https:\\\/\\\/bronymec.com\\\/fr\\\/politique-confidentialite\\\/#breadcrumb\",\"itemListElement\":[{\"@type\":\"ListItem\",\"position\":1,\"name\":\"Portada\",\"item\":\"https:\\\/\\\/bronymec.com\\\/fr\\\/\"},{\"@type\":\"ListItem\",\"position\":2,\"name\":\"Politique de confidentialit\u00e9\"}]},{\"@type\":\"WebSite\",\"@id\":\"https:\\\/\\\/bronymec.com\\\/#website\",\"url\":\"https:\\\/\\\/bronymec.com\\\/\",\"name\":\"Bronymec\",\"description\":\"Mecanizado y distribuci\u00f3n de pol\u00edmeros\",\"publisher\":{\"@id\":\"https:\\\/\\\/bronymec.com\\\/#organization\"},\"potentialAction\":[{\"@type\":\"SearchAction\",\"target\":{\"@type\":\"EntryPoint\",\"urlTemplate\":\"https:\\\/\\\/bronymec.com\\\/?s={search_term_string}\"},\"query-input\":{\"@type\":\"PropertyValueSpecification\",\"valueRequired\":true,\"valueName\":\"search_term_string\"}}],\"inLanguage\":\"fr-FR\"},{\"@type\":\"Organization\",\"@id\":\"https:\\\/\\\/bronymec.com\\\/#organization\",\"name\":\"Bronymec\",\"url\":\"https:\\\/\\\/bronymec.com\\\/\",\"logo\":{\"@type\":\"ImageObject\",\"inLanguage\":\"fr-FR\",\"@id\":\"https:\\\/\\\/bronymec.com\\\/#\\\/schema\\\/logo\\\/image\\\/\",\"url\":\"https:\\\/\\\/bronymec.com\\\/wp-content\\\/uploads\\\/logo-bronymec.png\",\"contentUrl\":\"https:\\\/\\\/bronymec.com\\\/wp-content\\\/uploads\\\/logo-bronymec.png\",\"width\":110,\"height\":66,\"caption\":\"Bronymec\"},\"image\":{\"@id\":\"https:\\\/\\\/bronymec.com\\\/#\\\/schema\\\/logo\\\/image\\\/\"},\"sameAs\":[\"https:\\\/\\\/www.linkedin.com\\\/company\\\/bronymec\\\/\"]}]}<\/script>\n<!-- \/ Yoast SEO plugin. -->","yoast_head_json":{"title":"Politique de confidentialit\u00e9 - Bronymec","robots":{"index":"noindex","follow":"nofollow"},"og_locale":"fr_FR","og_type":"article","og_title":"Politique de confidentialit\u00e9 - Bronymec","og_description":"[vc_row][vc_column][vc_column_text] 1. Pr\u00e9sentation Conform\u00e9ment \u00e0 la r\u00e9glementation en vigueur sur la protection des donn\u00e9es personnelles, avec une r\u00e9f\u00e9rence particuli\u00e8re au r\u00e8glement UE 2016\/679 du Parlement europ\u00e9en et du Conseil du 27 avril 2016 relatif \u00e0 la protection des personnes physiques \u00e0 l&rsquo;\u00e9gard du traitement des donn\u00e9es personnelles et \u00e0 la libre circulation de ces donn\u00e9es [&hellip;]","og_url":"https:\/\/bronymec.com\/fr\/politique-confidentialite\/","og_site_name":"Bronymec","article_modified_time":"2022-10-14T10:43:41+00:00","twitter_card":"summary_large_image","twitter_misc":{"Dur\u00e9e de lecture estim\u00e9e":"6 minutes"},"schema":{"@context":"https:\/\/schema.org","@graph":[{"@type":"WebPage","@id":"https:\/\/bronymec.com\/fr\/politique-confidentialite\/","url":"https:\/\/bronymec.com\/fr\/politique-confidentialite\/","name":"Politique de confidentialit\u00e9 - Bronymec","isPartOf":{"@id":"https:\/\/bronymec.com\/#website"},"datePublished":"2022-08-10T11:53:10+00:00","dateModified":"2022-10-14T10:43:41+00:00","breadcrumb":{"@id":"https:\/\/bronymec.com\/fr\/politique-confidentialite\/#breadcrumb"},"inLanguage":"fr-FR","potentialAction":[{"@type":"ReadAction","target":["https:\/\/bronymec.com\/fr\/politique-confidentialite\/"]}]},{"@type":"BreadcrumbList","@id":"https:\/\/bronymec.com\/fr\/politique-confidentialite\/#breadcrumb","itemListElement":[{"@type":"ListItem","position":1,"name":"Portada","item":"https:\/\/bronymec.com\/fr\/"},{"@type":"ListItem","position":2,"name":"Politique de confidentialit\u00e9"}]},{"@type":"WebSite","@id":"https:\/\/bronymec.com\/#website","url":"https:\/\/bronymec.com\/","name":"Bronymec","description":"Mecanizado y distribuci\u00f3n de pol\u00edmeros","publisher":{"@id":"https:\/\/bronymec.com\/#organization"},"potentialAction":[{"@type":"SearchAction","target":{"@type":"EntryPoint","urlTemplate":"https:\/\/bronymec.com\/?s={search_term_string}"},"query-input":{"@type":"PropertyValueSpecification","valueRequired":true,"valueName":"search_term_string"}}],"inLanguage":"fr-FR"},{"@type":"Organization","@id":"https:\/\/bronymec.com\/#organization","name":"Bronymec","url":"https:\/\/bronymec.com\/","logo":{"@type":"ImageObject","inLanguage":"fr-FR","@id":"https:\/\/bronymec.com\/#\/schema\/logo\/image\/","url":"https:\/\/bronymec.com\/wp-content\/uploads\/logo-bronymec.png","contentUrl":"https:\/\/bronymec.com\/wp-content\/uploads\/logo-bronymec.png","width":110,"height":66,"caption":"Bronymec"},"image":{"@id":"https:\/\/bronymec.com\/#\/schema\/logo\/image\/"},"sameAs":["https:\/\/www.linkedin.com\/company\/bronymec\/"]}]}},"_links":{"self":[{"href":"https:\/\/bronymec.com\/fr\/wp-json\/wp\/v2\/pages\/7140","targetHints":{"allow":["GET"]}}],"collection":[{"href":"https:\/\/bronymec.com\/fr\/wp-json\/wp\/v2\/pages"}],"about":[{"href":"https:\/\/bronymec.com\/fr\/wp-json\/wp\/v2\/types\/page"}],"author":[{"embeddable":true,"href":"https:\/\/bronymec.com\/fr\/wp-json\/wp\/v2\/users\/1"}],"replies":[{"embeddable":true,"href":"https:\/\/bronymec.com\/fr\/wp-json\/wp\/v2\/comments?post=7140"}],"version-history":[{"count":2,"href":"https:\/\/bronymec.com\/fr\/wp-json\/wp\/v2\/pages\/7140\/revisions"}],"predecessor-version":[{"id":7142,"href":"https:\/\/bronymec.com\/fr\/wp-json\/wp\/v2\/pages\/7140\/revisions\/7142"}],"wp:attachment":[{"href":"https:\/\/bronymec.com\/fr\/wp-json\/wp\/v2\/media?parent=7140"}],"curies":[{"name":"wp","href":"https:\/\/api.w.org\/{rel}","templated":true}]}}