{"id":7146,"date":"2022-08-10T14:03:43","date_gmt":"2022-08-10T12:03:43","guid":{"rendered":"https:\/\/bronymec.com\/aviso-legal\/"},"modified":"2022-10-14T13:01:05","modified_gmt":"2022-10-14T11:01:05","slug":"avis-juridique","status":"publish","type":"page","link":"https:\/\/bronymec.com\/fr\/avis-juridique\/","title":{"rendered":"Avis juridique"},"content":{"rendered":"<div class=\"wpb-content-wrapper\"><p>[vc_row][vc_column][vc_column_text]<em>La pr\u00e9sente notice l\u00e9gale a \u00e9t\u00e9 mise \u00e0 jour pour la derni\u00e8re fois le 10 ao\u00fbt 2022 et s&rsquo;applique aux citoyens de l&rsquo;Espace \u00e9conomique europ\u00e9en.<\/em><\/p>\n<h4>Information l\u00e9gale<\/h4>\n<p>Conform\u00e9ment \u00e0 la loi 34\/2002 du 11 juillet sur les services de la soci\u00e9t\u00e9 de l&rsquo;information et du commerce \u00e9lectronique, nous vous informons que le domaine Internet www.bronymec.com appartient \u00e0 Bronymec, S.A. (NIF : A20520250), avec adresse \u00e0 P.I. Arriaga, c\/Ferrer\u00edas 4, 20870 Elgoibar (Gipuzkoa), t\u00e9l\u00e9phone 943 742 807, email info@bronymec.com.<\/p>\n<p>Bronymec, S.A. (ci-apr\u00e8s \u00ab\u00a0le responsable du traitement\u00a0\u00bb) est destin\u00e9 \u00e0 fournir des services de gestion des connaissances et de d\u00e9veloppement des talents. Le site Web situ\u00e9 \u00e0 l&rsquo;adresse www.bronymec.com (ci-apr\u00e8s \u00ab\u00a0le site Web\u00a0\u00bb) appartient \u00e0 Bronymec, S.A.. La personne qui visite et utilise ce site Web est un utilisateur du site Web (ci-apr\u00e8s \u00ab\u00a0l&rsquo;utilisateur\u00a0\u00bb ou \u00ab\u00a0la personne utilisatrice\u00a0\u00bb).[\/vc_column_text][vc_column_text]<\/p>\n<h4>1. Conditions g\u00e9n\u00e9rales<\/h4>\n<p>L&rsquo;utilisateur acc\u00e8de volontairement \u00e0 ce site Web. L&rsquo;acc\u00e8s \u00e0 ce site est gratuit. La navigation sur ce site implique l&rsquo;acceptation et la connaissance des avertissements l\u00e9gaux, des conditions et des conditions d&rsquo;utilisation, de la politique de confidentialit\u00e9 et de la politique des cookies qui y sont contenues. Si l&rsquo;utilisateur n&rsquo;est pas d&rsquo;accord avec ces conditions et ne donne pas son consentement, il ne pourra pas utiliser ce site Web.<\/p>\n<p>L&rsquo;acc\u00e8s \u00e0 ce site ainsi que l&rsquo;utilisation qui peut \u00eatre faite des informations qu&rsquo;il contient rel\u00e8vent de la seule responsabilit\u00e9 de l&rsquo;utilisateur. l&rsquo;utilisateur s&rsquo;engage \u00e0 en faire un usage conforme \u00e0 l&rsquo;objet du site. l&rsquo;utilisateur ne peut pas faire un usage illicite des informations contenues dans ce site Web, ni effectuer des actions qui pourraient endommager ou alt\u00e9rer les syst\u00e8mes informatiques de ce site Web.<\/p>\n<p>L&rsquo;inclusion et la communication de contenus, par les utilisateurs, qui sont faux ou inexacts et qui induisent ou peuvent induire en erreur le responsable du traitement, les utilisateurs du site Web ou des tiers sont interdites. l&rsquo;utilisateur sera seul responsable des dommages caus\u00e9s par la communication desdites donn\u00e9es. L&rsquo;utilisation des donn\u00e9es personnelles de tiers sans leur consentement est interdite, ainsi que l&rsquo;utilisation des donn\u00e9es d&rsquo;identification de tiers dans le but de se faire passer pour ou de se faire passer pour toute autre personne ou entit\u00e9.<\/p>\n<p>Le responsable du traitement met tout en \u0153uvre pour \u00e9viter les erreurs dans le contenu publi\u00e9 sur le site, se r\u00e9servant le droit de le modifier \u00e0 tout moment. Bronymec, S.A. d\u00e9cline express\u00e9ment toute responsabilit\u00e9 pour les erreurs ou omissions dans le contenu de ce site Web et pour les dommages qui pourraient \u00eatre dus au manque de v\u00e9racit\u00e9, d&rsquo;exactitude et d&rsquo;actualit\u00e9 de celui-ci.<\/p>\n<p>Le site Web peut proposer des liens vers d&rsquo;autres sites Web ou faciliter leur acc\u00e8s par le biais d&rsquo;un moteur de recherche situ\u00e9 sur son site Web. Bronymec, S.A. n&rsquo;assume aucune responsabilit\u00e9 par rapport \u00e0 ces sites li\u00e9s, ni aux r\u00e9sultats de recherche, puisqu&rsquo;elle n&rsquo;a aucun contr\u00f4le sur eux, leur contenu, les produits et services offerts, etc. Ces services ont pour objet d&rsquo;informer l&rsquo;utilisateur d&rsquo;autres sources d&rsquo;information, ainsi l&rsquo;utilisateur acc\u00e8de aux contenus sous sa seule responsabilit\u00e9 et dans les conditions d&rsquo;utilisation qui les r\u00e9gissent. Dans le cas de liens vers des r\u00e9seaux sociaux, propri\u00e9t\u00e9 du responsable du traitement ou de tiers, ils seront r\u00e9gis par les conditions g\u00e9n\u00e9rales desdits r\u00e9seaux.<\/p>\n<p>Bronymec, S.A. ne sera pas responsable des cons\u00e9quences, dommages ou pr\u00e9judices pouvant d\u00e9couler de l&rsquo;utilisation de ce site ou de son contenu, y compris les dommages informatiques et l&rsquo;introduction de virus ou de tout type de logiciel malveillant. Le responsable du traitement ne garantit pas l&rsquo;absence de virus ou d&rsquo;autres \u00e9l\u00e9ments nuisibles sur le site Web, introduits par des tiers, pouvant entra\u00eener des alt\u00e9rations des syst\u00e8mes physiques ou logiques des utilisateurs, mais utilise les moyens \u00e0 sa disposition pour que cela ne se produise pas. .<\/p>\n<p>Bronymec, S.A. se r\u00e9serve le droit de modifier ou de supprimer \u00e0 tout moment, sans pr\u00e9avis et\/ou justification, la conception, la configuration et les informations contenues dans ce site Web, si elle le juge appropri\u00e9. Le responsable du traitement n&rsquo;est pas responsable des dommages que ces modifications peuvent causer. Toutefois, il utilisera les moyens dont il dispose pour informer les utilisateurs desdites modifications.[\/vc_column_text][vc_column_text]<\/p>\n<h4>2. Propri\u00e9t\u00e9 intellectuelle et industrielle<\/h4>\n<p>Les droits de propri\u00e9t\u00e9 de ce site Web, de ses pages, rubriques, \u00e9crans, des informations qu&rsquo;ils contiennent, de leur apparence et de leur conception, des textes, photographies, images, audios, vid\u00e9os, animations, de leurs produits et services, marques, logos, slogans, etc. sont la propri\u00e9t\u00e9 de Bronymec, S.A., sauf indication contraire.<\/p>\n<p>En aucun cas, l&rsquo;acc\u00e8s ou la navigation sur le site Web n&rsquo;implique une renonciation, une transmission ou une licence totale ou partielle de Bronymec, S.A. pour un usage personnel \u00e0 l&rsquo;utilisateur sur ses droits de propri\u00e9t\u00e9 intellectuelle et industrielle. La reproduction, la distribution, la commercialisation ou la transformation non autoris\u00e9e de ces \u0153uvres constitue une violation des droits de propri\u00e9t\u00e9 intellectuelle du Responsable du traitement.<\/p>\n<p>L&rsquo;utilisateur s&rsquo;engage \u00e0 ne r\u00e9aliser aucune action qui porte atteinte \u00e0 la propri\u00e9t\u00e9 de ce site. L&rsquo;utilisation non autoris\u00e9e des informations contenues dans ce site Web, ainsi que les dommages caus\u00e9s aux droits de propri\u00e9t\u00e9 intellectuelle et industrielle de ses propri\u00e9taires, peuvent donner lieu \u00e0 l&rsquo;exercice des actions qui correspondent l\u00e9galement et, le cas \u00e9ch\u00e9ant, aux responsabilit\u00e9s qui en d\u00e9coulent dudit exercice.[\/vc_column_text][vc_column_text]<\/p>\n<h4>3. Modifications<\/h4>\n<p>Ces Conditions peuvent \u00eatre modifi\u00e9es lorsque Bronymec, S.A. qu&rsquo;il juge opportun, soit pour s&rsquo;adapter aux \u00e9volutions l\u00e9gislatives, soit pour proc\u00e9der \u00e0 d&rsquo;autres types d&rsquo;am\u00e9liorations. Ces modifications seront valables \u00e0 compter de leur publication sur ce site. Le responsable du traitement utilisera les moyens \u00e0 sa disposition pour informer les utilisateurs du site Web des modifications apport\u00e9es.[\/vc_column_text][vc_column_text]<\/p>\n<h4>4. Juridiction<\/h4>\n<p>Les relations \u00e9tablies entre Bronymec, S.A. et l&rsquo;utilisateur sera r\u00e9gi par les dispositions de la r\u00e9glementation en vigueur concernant la l\u00e9gislation applicable et la juridiction comp\u00e9tente. Cependant, pour les cas o\u00f9 la r\u00e9glementation pr\u00e9voit la possibilit\u00e9 pour les parties de se soumettre \u00e0 une juridiction, le responsable du traitement et l&rsquo;utilisateur, renon\u00e7ant express\u00e9ment \u00e0 toute autre juridiction qui pourrait leur correspondre, se soumettent aux Cours et Tribunaux d&rsquo;Eibar (Gipuzkoa) .<\/p>\n<p>Bronymec, S.A. poursuivra la violation des conditions ci-dessus, ainsi que toute utilisation abusive des contenus pr\u00e9sent\u00e9s sur son site Web, en exer\u00e7ant toutes les actions civiles et p\u00e9nales qui pourraient lui correspondre par la loi, y compris celles de nature \u00e9conomique.[\/vc_column_text][vc_empty_space][\/vc_column][\/vc_row]<\/p>\n<\/div>","protected":false},"excerpt":{"rendered":"<p>[vc_row][vc_column][vc_column_text]La pr\u00e9sente notice l\u00e9gale a \u00e9t\u00e9 mise \u00e0 jour pour la derni\u00e8re fois le 10 ao\u00fbt 2022 et s&rsquo;applique aux citoyens de l&rsquo;Espace \u00e9conomique europ\u00e9en. Information l\u00e9gale Conform\u00e9ment \u00e0 la loi 34\/2002 du 11 juillet sur les services de la soci\u00e9t\u00e9 de l&rsquo;information et du commerce \u00e9lectronique, nous vous informons que le domaine Internet www.bronymec.com [&hellip;]<\/p>\n","protected":false},"author":1,"featured_media":0,"parent":0,"menu_order":100,"comment_status":"closed","ping_status":"closed","template":"","meta":{"_acf_changed":false,"content-type":"","footnotes":""},"class_list":["post-7146","page","type-page","status-publish","hentry"],"acf":[],"yoast_head":"<!-- This site is optimized with the Yoast SEO plugin v27.4 - https:\/\/yoast.com\/product\/yoast-seo-wordpress\/ -->\n<title>Avis juridique - Bronymec<\/title>\n<meta name=\"robots\" content=\"noindex, nofollow\" \/>\n<meta property=\"og:locale\" content=\"fr_FR\" \/>\n<meta property=\"og:type\" content=\"article\" \/>\n<meta property=\"og:title\" content=\"Avis juridique - Bronymec\" \/>\n<meta property=\"og:description\" content=\"[vc_row][vc_column][vc_column_text]La pr\u00e9sente notice l\u00e9gale a \u00e9t\u00e9 mise \u00e0 jour pour la derni\u00e8re fois le 10 ao\u00fbt 2022 et s&rsquo;applique aux citoyens de l&rsquo;Espace \u00e9conomique europ\u00e9en. Information l\u00e9gale Conform\u00e9ment \u00e0 la loi 34\/2002 du 11 juillet sur les services de la soci\u00e9t\u00e9 de l&rsquo;information et du commerce \u00e9lectronique, nous vous informons que le domaine Internet www.bronymec.com [&hellip;]\" \/>\n<meta property=\"og:url\" content=\"https:\/\/bronymec.com\/fr\/avis-juridique\/\" \/>\n<meta property=\"og:site_name\" content=\"Bronymec\" \/>\n<meta property=\"article:modified_time\" content=\"2022-10-14T11:01:05+00:00\" \/>\n<meta name=\"twitter:card\" content=\"summary_large_image\" \/>\n<meta name=\"twitter:label1\" content=\"Dur\u00e9e de lecture estim\u00e9e\" \/>\n\t<meta name=\"twitter:data1\" content=\"5 minutes\" \/>\n<script type=\"application\/ld+json\" class=\"yoast-schema-graph\">{\"@context\":\"https:\\\/\\\/schema.org\",\"@graph\":[{\"@type\":\"WebPage\",\"@id\":\"https:\\\/\\\/bronymec.com\\\/fr\\\/avis-juridique\\\/\",\"url\":\"https:\\\/\\\/bronymec.com\\\/fr\\\/avis-juridique\\\/\",\"name\":\"Avis juridique - Bronymec\",\"isPartOf\":{\"@id\":\"https:\\\/\\\/bronymec.com\\\/#website\"},\"datePublished\":\"2022-08-10T12:03:43+00:00\",\"dateModified\":\"2022-10-14T11:01:05+00:00\",\"breadcrumb\":{\"@id\":\"https:\\\/\\\/bronymec.com\\\/fr\\\/avis-juridique\\\/#breadcrumb\"},\"inLanguage\":\"fr-FR\",\"potentialAction\":[{\"@type\":\"ReadAction\",\"target\":[\"https:\\\/\\\/bronymec.com\\\/fr\\\/avis-juridique\\\/\"]}]},{\"@type\":\"BreadcrumbList\",\"@id\":\"https:\\\/\\\/bronymec.com\\\/fr\\\/avis-juridique\\\/#breadcrumb\",\"itemListElement\":[{\"@type\":\"ListItem\",\"position\":1,\"name\":\"Portada\",\"item\":\"https:\\\/\\\/bronymec.com\\\/fr\\\/\"},{\"@type\":\"ListItem\",\"position\":2,\"name\":\"Avis juridique\"}]},{\"@type\":\"WebSite\",\"@id\":\"https:\\\/\\\/bronymec.com\\\/#website\",\"url\":\"https:\\\/\\\/bronymec.com\\\/\",\"name\":\"Bronymec\",\"description\":\"Mecanizado y distribuci\u00f3n de pol\u00edmeros\",\"publisher\":{\"@id\":\"https:\\\/\\\/bronymec.com\\\/#organization\"},\"potentialAction\":[{\"@type\":\"SearchAction\",\"target\":{\"@type\":\"EntryPoint\",\"urlTemplate\":\"https:\\\/\\\/bronymec.com\\\/?s={search_term_string}\"},\"query-input\":{\"@type\":\"PropertyValueSpecification\",\"valueRequired\":true,\"valueName\":\"search_term_string\"}}],\"inLanguage\":\"fr-FR\"},{\"@type\":\"Organization\",\"@id\":\"https:\\\/\\\/bronymec.com\\\/#organization\",\"name\":\"Bronymec\",\"url\":\"https:\\\/\\\/bronymec.com\\\/\",\"logo\":{\"@type\":\"ImageObject\",\"inLanguage\":\"fr-FR\",\"@id\":\"https:\\\/\\\/bronymec.com\\\/#\\\/schema\\\/logo\\\/image\\\/\",\"url\":\"https:\\\/\\\/bronymec.com\\\/wp-content\\\/uploads\\\/logo-bronymec.png\",\"contentUrl\":\"https:\\\/\\\/bronymec.com\\\/wp-content\\\/uploads\\\/logo-bronymec.png\",\"width\":110,\"height\":66,\"caption\":\"Bronymec\"},\"image\":{\"@id\":\"https:\\\/\\\/bronymec.com\\\/#\\\/schema\\\/logo\\\/image\\\/\"},\"sameAs\":[\"https:\\\/\\\/www.linkedin.com\\\/company\\\/bronymec\\\/\"]}]}<\/script>\n<!-- \/ Yoast SEO plugin. -->","yoast_head_json":{"title":"Avis juridique - Bronymec","robots":{"index":"noindex","follow":"nofollow"},"og_locale":"fr_FR","og_type":"article","og_title":"Avis juridique - Bronymec","og_description":"[vc_row][vc_column][vc_column_text]La pr\u00e9sente notice l\u00e9gale a \u00e9t\u00e9 mise \u00e0 jour pour la derni\u00e8re fois le 10 ao\u00fbt 2022 et s&rsquo;applique aux citoyens de l&rsquo;Espace \u00e9conomique europ\u00e9en. Information l\u00e9gale Conform\u00e9ment \u00e0 la loi 34\/2002 du 11 juillet sur les services de la soci\u00e9t\u00e9 de l&rsquo;information et du commerce \u00e9lectronique, nous vous informons que le domaine Internet www.bronymec.com [&hellip;]","og_url":"https:\/\/bronymec.com\/fr\/avis-juridique\/","og_site_name":"Bronymec","article_modified_time":"2022-10-14T11:01:05+00:00","twitter_card":"summary_large_image","twitter_misc":{"Dur\u00e9e de lecture estim\u00e9e":"5 minutes"},"schema":{"@context":"https:\/\/schema.org","@graph":[{"@type":"WebPage","@id":"https:\/\/bronymec.com\/fr\/avis-juridique\/","url":"https:\/\/bronymec.com\/fr\/avis-juridique\/","name":"Avis juridique - Bronymec","isPartOf":{"@id":"https:\/\/bronymec.com\/#website"},"datePublished":"2022-08-10T12:03:43+00:00","dateModified":"2022-10-14T11:01:05+00:00","breadcrumb":{"@id":"https:\/\/bronymec.com\/fr\/avis-juridique\/#breadcrumb"},"inLanguage":"fr-FR","potentialAction":[{"@type":"ReadAction","target":["https:\/\/bronymec.com\/fr\/avis-juridique\/"]}]},{"@type":"BreadcrumbList","@id":"https:\/\/bronymec.com\/fr\/avis-juridique\/#breadcrumb","itemListElement":[{"@type":"ListItem","position":1,"name":"Portada","item":"https:\/\/bronymec.com\/fr\/"},{"@type":"ListItem","position":2,"name":"Avis juridique"}]},{"@type":"WebSite","@id":"https:\/\/bronymec.com\/#website","url":"https:\/\/bronymec.com\/","name":"Bronymec","description":"Mecanizado y distribuci\u00f3n de pol\u00edmeros","publisher":{"@id":"https:\/\/bronymec.com\/#organization"},"potentialAction":[{"@type":"SearchAction","target":{"@type":"EntryPoint","urlTemplate":"https:\/\/bronymec.com\/?s={search_term_string}"},"query-input":{"@type":"PropertyValueSpecification","valueRequired":true,"valueName":"search_term_string"}}],"inLanguage":"fr-FR"},{"@type":"Organization","@id":"https:\/\/bronymec.com\/#organization","name":"Bronymec","url":"https:\/\/bronymec.com\/","logo":{"@type":"ImageObject","inLanguage":"fr-FR","@id":"https:\/\/bronymec.com\/#\/schema\/logo\/image\/","url":"https:\/\/bronymec.com\/wp-content\/uploads\/logo-bronymec.png","contentUrl":"https:\/\/bronymec.com\/wp-content\/uploads\/logo-bronymec.png","width":110,"height":66,"caption":"Bronymec"},"image":{"@id":"https:\/\/bronymec.com\/#\/schema\/logo\/image\/"},"sameAs":["https:\/\/www.linkedin.com\/company\/bronymec\/"]}]}},"_links":{"self":[{"href":"https:\/\/bronymec.com\/fr\/wp-json\/wp\/v2\/pages\/7146","targetHints":{"allow":["GET"]}}],"collection":[{"href":"https:\/\/bronymec.com\/fr\/wp-json\/wp\/v2\/pages"}],"about":[{"href":"https:\/\/bronymec.com\/fr\/wp-json\/wp\/v2\/types\/page"}],"author":[{"embeddable":true,"href":"https:\/\/bronymec.com\/fr\/wp-json\/wp\/v2\/users\/1"}],"replies":[{"embeddable":true,"href":"https:\/\/bronymec.com\/fr\/wp-json\/wp\/v2\/comments?post=7146"}],"version-history":[{"count":2,"href":"https:\/\/bronymec.com\/fr\/wp-json\/wp\/v2\/pages\/7146\/revisions"}],"predecessor-version":[{"id":7148,"href":"https:\/\/bronymec.com\/fr\/wp-json\/wp\/v2\/pages\/7146\/revisions\/7148"}],"wp:attachment":[{"href":"https:\/\/bronymec.com\/fr\/wp-json\/wp\/v2\/media?parent=7146"}],"curies":[{"name":"wp","href":"https:\/\/api.w.org\/{rel}","templated":true}]}}