{"id":7160,"date":"2022-02-16T16:27:07","date_gmt":"2022-02-16T15:27:07","guid":{"rendered":"https:\/\/bronymec.com\/blog\/"},"modified":"2025-02-27T15:44:39","modified_gmt":"2025-02-27T14:44:39","slug":"blog","status":"publish","type":"page","link":"https:\/\/bronymec.com\/fr\/blog\/","title":{"rendered":"Blog"},"content":{"rendered":"","protected":false},"excerpt":{"rendered":"","protected":false},"author":1,"featured_media":0,"parent":0,"menu_order":12,"comment_status":"closed","ping_status":"closed","template":"tmpl\/template-blog-grid.php","meta":{"_acf_changed":false,"content-type":"","footnotes":""},"class_list":["post-7160","page","type-page","status-publish","hentry"],"acf":[],"yoast_head":"<!-- This site is optimized with the Yoast SEO plugin v27.4 - https:\/\/yoast.com\/product\/yoast-seo-wordpress\/ -->\n<title>Nouvelles et notes sur l&#039;ing\u00e9nierie des polym\u00e8res<\/title>\n<meta name=\"description\" content=\"Actualit\u00e9s et articles relatifs aux polym\u00e8res et \u00e0 leurs applications pour l&#039;industrie de Bronymec\" \/>\n<meta name=\"robots\" content=\"index, follow, max-snippet:-1, max-image-preview:large, max-video-preview:-1\" \/>\n<link rel=\"canonical\" href=\"https:\/\/bronymec.com\/fr\/blog\/\" \/>\n<meta property=\"og:locale\" content=\"fr_FR\" \/>\n<meta property=\"og:type\" content=\"article\" \/>\n<meta property=\"og:title\" content=\"Nouvelles et notes sur l&#039;ing\u00e9nierie des polym\u00e8res\" \/>\n<meta property=\"og:description\" content=\"Actualit\u00e9s et articles relatifs aux polym\u00e8res et \u00e0 leurs applications pour l&#039;industrie de Bronymec\" \/>\n<meta property=\"og:url\" content=\"https:\/\/bronymec.com\/fr\/blog\/\" \/>\n<meta property=\"og:site_name\" content=\"Bronymec\" \/>\n<meta property=\"article:modified_time\" content=\"2025-02-27T14:44:39+00:00\" \/>\n<meta property=\"og:image\" content=\"https:\/\/bronymec.com\/wp-content\/uploads\/piezas-tivar-hot.jpg\" \/>\n\t<meta property=\"og:image:width\" content=\"1280\" \/>\n\t<meta property=\"og:image:height\" content=\"720\" \/>\n\t<meta property=\"og:image:type\" content=\"image\/jpeg\" \/>\n<meta name=\"twitter:card\" content=\"summary_large_image\" \/>\n<meta name=\"twitter:image\" content=\"https:\/\/bronymec.com\/wp-content\/uploads\/piezas-tivar-hot.jpg\" \/>\n<script type=\"application\/ld+json\" class=\"yoast-schema-graph\">{\"@context\":\"https:\\\/\\\/schema.org\",\"@graph\":[{\"@type\":\"WebPage\",\"@id\":\"https:\\\/\\\/bronymec.com\\\/fr\\\/blog\\\/\",\"url\":\"https:\\\/\\\/bronymec.com\\\/fr\\\/blog\\\/\",\"name\":\"Nouvelles et notes sur l'ing\u00e9nierie des polym\u00e8res\",\"isPartOf\":{\"@id\":\"https:\\\/\\\/bronymec.com\\\/#website\"},\"datePublished\":\"2022-02-16T15:27:07+00:00\",\"dateModified\":\"2025-02-27T14:44:39+00:00\",\"description\":\"Actualit\u00e9s et articles relatifs aux polym\u00e8res et \u00e0 leurs applications pour l'industrie de Bronymec\",\"breadcrumb\":{\"@id\":\"https:\\\/\\\/bronymec.com\\\/fr\\\/blog\\\/#breadcrumb\"},\"inLanguage\":\"fr-FR\",\"potentialAction\":[{\"@type\":\"ReadAction\",\"target\":[\"https:\\\/\\\/bronymec.com\\\/fr\\\/blog\\\/\"]}]},{\"@type\":\"BreadcrumbList\",\"@id\":\"https:\\\/\\\/bronymec.com\\\/fr\\\/blog\\\/#breadcrumb\",\"itemListElement\":[{\"@type\":\"ListItem\",\"position\":1,\"name\":\"Portada\",\"item\":\"https:\\\/\\\/bronymec.com\\\/fr\\\/\"},{\"@type\":\"ListItem\",\"position\":2,\"name\":\"Blog\"}]},{\"@type\":\"WebSite\",\"@id\":\"https:\\\/\\\/bronymec.com\\\/#website\",\"url\":\"https:\\\/\\\/bronymec.com\\\/\",\"name\":\"Bronymec\",\"description\":\"Mecanizado y distribuci\u00f3n de pol\u00edmeros\",\"publisher\":{\"@id\":\"https:\\\/\\\/bronymec.com\\\/#organization\"},\"potentialAction\":[{\"@type\":\"SearchAction\",\"target\":{\"@type\":\"EntryPoint\",\"urlTemplate\":\"https:\\\/\\\/bronymec.com\\\/?s={search_term_string}\"},\"query-input\":{\"@type\":\"PropertyValueSpecification\",\"valueRequired\":true,\"valueName\":\"search_term_string\"}}],\"inLanguage\":\"fr-FR\"},{\"@type\":\"Organization\",\"@id\":\"https:\\\/\\\/bronymec.com\\\/#organization\",\"name\":\"Bronymec\",\"url\":\"https:\\\/\\\/bronymec.com\\\/\",\"logo\":{\"@type\":\"ImageObject\",\"inLanguage\":\"fr-FR\",\"@id\":\"https:\\\/\\\/bronymec.com\\\/#\\\/schema\\\/logo\\\/image\\\/\",\"url\":\"https:\\\/\\\/bronymec.com\\\/wp-content\\\/uploads\\\/logo-bronymec.png\",\"contentUrl\":\"https:\\\/\\\/bronymec.com\\\/wp-content\\\/uploads\\\/logo-bronymec.png\",\"width\":110,\"height\":66,\"caption\":\"Bronymec\"},\"image\":{\"@id\":\"https:\\\/\\\/bronymec.com\\\/#\\\/schema\\\/logo\\\/image\\\/\"},\"sameAs\":[\"https:\\\/\\\/www.linkedin.com\\\/company\\\/bronymec\\\/\"]}]}<\/script>\n<!-- \/ Yoast SEO plugin. -->","yoast_head_json":{"title":"Nouvelles et notes sur l'ing\u00e9nierie des polym\u00e8res","description":"Actualit\u00e9s et articles relatifs aux polym\u00e8res et \u00e0 leurs applications pour l'industrie de Bronymec","robots":{"index":"index","follow":"follow","max-snippet":"max-snippet:-1","max-image-preview":"max-image-preview:large","max-video-preview":"max-video-preview:-1"},"canonical":"https:\/\/bronymec.com\/fr\/blog\/","og_locale":"fr_FR","og_type":"article","og_title":"Nouvelles et notes sur l'ing\u00e9nierie des polym\u00e8res","og_description":"Actualit\u00e9s et articles relatifs aux polym\u00e8res et \u00e0 leurs applications pour l'industrie de Bronymec","og_url":"https:\/\/bronymec.com\/fr\/blog\/","og_site_name":"Bronymec","article_modified_time":"2025-02-27T14:44:39+00:00","og_image":[{"width":1280,"height":720,"url":"https:\/\/bronymec.com\/wp-content\/uploads\/piezas-tivar-hot.jpg","type":"image\/jpeg"}],"twitter_card":"summary_large_image","twitter_image":"https:\/\/bronymec.com\/wp-content\/uploads\/piezas-tivar-hot.jpg","schema":{"@context":"https:\/\/schema.org","@graph":[{"@type":"WebPage","@id":"https:\/\/bronymec.com\/fr\/blog\/","url":"https:\/\/bronymec.com\/fr\/blog\/","name":"Nouvelles et notes sur l'ing\u00e9nierie des polym\u00e8res","isPartOf":{"@id":"https:\/\/bronymec.com\/#website"},"datePublished":"2022-02-16T15:27:07+00:00","dateModified":"2025-02-27T14:44:39+00:00","description":"Actualit\u00e9s et articles relatifs aux polym\u00e8res et \u00e0 leurs applications pour l'industrie de Bronymec","breadcrumb":{"@id":"https:\/\/bronymec.com\/fr\/blog\/#breadcrumb"},"inLanguage":"fr-FR","potentialAction":[{"@type":"ReadAction","target":["https:\/\/bronymec.com\/fr\/blog\/"]}]},{"@type":"BreadcrumbList","@id":"https:\/\/bronymec.com\/fr\/blog\/#breadcrumb","itemListElement":[{"@type":"ListItem","position":1,"name":"Portada","item":"https:\/\/bronymec.com\/fr\/"},{"@type":"ListItem","position":2,"name":"Blog"}]},{"@type":"WebSite","@id":"https:\/\/bronymec.com\/#website","url":"https:\/\/bronymec.com\/","name":"Bronymec","description":"Mecanizado y distribuci\u00f3n de pol\u00edmeros","publisher":{"@id":"https:\/\/bronymec.com\/#organization"},"potentialAction":[{"@type":"SearchAction","target":{"@type":"EntryPoint","urlTemplate":"https:\/\/bronymec.com\/?s={search_term_string}"},"query-input":{"@type":"PropertyValueSpecification","valueRequired":true,"valueName":"search_term_string"}}],"inLanguage":"fr-FR"},{"@type":"Organization","@id":"https:\/\/bronymec.com\/#organization","name":"Bronymec","url":"https:\/\/bronymec.com\/","logo":{"@type":"ImageObject","inLanguage":"fr-FR","@id":"https:\/\/bronymec.com\/#\/schema\/logo\/image\/","url":"https:\/\/bronymec.com\/wp-content\/uploads\/logo-bronymec.png","contentUrl":"https:\/\/bronymec.com\/wp-content\/uploads\/logo-bronymec.png","width":110,"height":66,"caption":"Bronymec"},"image":{"@id":"https:\/\/bronymec.com\/#\/schema\/logo\/image\/"},"sameAs":["https:\/\/www.linkedin.com\/company\/bronymec\/"]}]}},"_links":{"self":[{"href":"https:\/\/bronymec.com\/fr\/wp-json\/wp\/v2\/pages\/7160","targetHints":{"allow":["GET"]}}],"collection":[{"href":"https:\/\/bronymec.com\/fr\/wp-json\/wp\/v2\/pages"}],"about":[{"href":"https:\/\/bronymec.com\/fr\/wp-json\/wp\/v2\/types\/page"}],"author":[{"embeddable":true,"href":"https:\/\/bronymec.com\/fr\/wp-json\/wp\/v2\/users\/1"}],"replies":[{"embeddable":true,"href":"https:\/\/bronymec.com\/fr\/wp-json\/wp\/v2\/comments?post=7160"}],"version-history":[{"count":1,"href":"https:\/\/bronymec.com\/fr\/wp-json\/wp\/v2\/pages\/7160\/revisions"}],"predecessor-version":[{"id":7162,"href":"https:\/\/bronymec.com\/fr\/wp-json\/wp\/v2\/pages\/7160\/revisions\/7162"}],"wp:attachment":[{"href":"https:\/\/bronymec.com\/fr\/wp-json\/wp\/v2\/media?parent=7160"}],"curies":[{"name":"wp","href":"https:\/\/api.w.org\/{rel}","templated":true}]}}